{"id":8335,"date":"2026-04-10T11:30:14","date_gmt":"2026-04-10T10:30:14","guid":{"rendered":"https:\/\/www.escritadigital.com\/site\/?page_id=8335"},"modified":"2026-04-10T11:43:59","modified_gmt":"2026-04-10T10:43:59","slug":"brochura-xrp-frotas-gestao-inteligente-e-integrada-de-frotas","status":"publish","type":"page","link":"https:\/\/www.escritadigital.com\/site\/xrp-frotas\/gestao-de-frota\/brochura-xrp-frotas-gestao-inteligente-e-integrada-de-frotas\/","title":{"rendered":"Brochura XRP | Frotas &#8211; Gest\u00e3o Inteligente e Integrada de Frotas"},"content":{"rendered":"\t\t<div data-elementor-type=\"wp-page\" data-elementor-id=\"8335\" class=\"elementor elementor-8335\" data-elementor-settings=\"[]\">\n\t\t\t\t\t\t<div class=\"elementor-inner\">\n\t\t\t\t\t\t\t<div class=\"elementor-section-wrap\">\n\t\t\t\t\t\t\t<section class=\"elementor-section elementor-top-section elementor-element elementor-element-bb03884 elementor-section-stretched elementor-section-full_width elementor-section-height-min-height elementor-section-height-default elementor-section-items-middle\" data-id=\"bb03884\" data-element_type=\"section\" data-settings=\"{&quot;stretch_section&quot;:&quot;section-stretched&quot;,&quot;background_background&quot;:&quot;classic&quot;}\">\n\t\t\t\t\t\t\t<div class=\"elementor-background-overlay\"><\/div>\n\t\t\t\t\t\t\t<div class=\"elementor-container elementor-column-gap-default\">\n\t\t\t\t\t\t\t<div class=\"elementor-row\">\n\t\t\t\t\t<div class=\"elementor-column elementor-col-100 elementor-top-column elementor-element elementor-element-52f0eca\" data-id=\"52f0eca\" data-element_type=\"column\">\n\t\t\t<div class=\"elementor-column-wrap elementor-element-populated\">\n\t\t\t\t\t\t\t<div class=\"elementor-widget-wrap\">\n\t\t\t\t\t\t<div class=\"elementor-element elementor-element-55cda98 elementor-align-center elementor-widget elementor-widget-raven-heading\" data-id=\"55cda98\" data-element_type=\"widget\" data-widget_type=\"raven-heading.default\">\n\t\t\t\t<div class=\"elementor-widget-container\">\n\t\t\t\t\t<div class=\"raven-widget-wrapper\"><h2 class=\"raven-heading raven-heading-h2\"><span class=\"raven-heading-title\">XRP | Frotas \u2014 Gest\u00e3o inteligente e integrada de frotas<\/span><\/h2><\/div>\n\t\t\t\t<\/div>\n\t\t\t\t<\/div>\n\t\t\t\t<div class=\"elementor-element elementor-element-92787b2 elementor-align-center elementor-widget elementor-widget-raven-breadcrumbs\" data-id=\"92787b2\" data-element_type=\"widget\" data-widget_type=\"raven-breadcrumbs.default\">\n\t\t\t\t<div class=\"elementor-widget-container\">\n\t\t\t<div class=\"raven-breadcrumbs raven-breadcrumbs-default\"><ol class=\"breadcrumb\">\t\t\t\t<li class=\"breadcrumb-item active\" aria-current=\"page\"><span>Home<\/span><\/li>\n\n\t\t\t\t<\/ol><\/div>\t\t<\/div>\n\t\t\t\t<\/div>\n\t\t\t\t\t\t<\/div>\n\t\t\t\t\t<\/div>\n\t\t<\/div>\n\t\t\t\t\t\t\t\t<\/div>\n\t\t\t\t\t<\/div>\n\t\t<\/section>\n\t\t\t\t<section class=\"elementor-section elementor-top-section elementor-element elementor-element-209220f elementor-section-stretched elementor-section-boxed elementor-section-height-default elementor-section-height-default\" data-id=\"209220f\" data-element_type=\"section\" data-settings=\"{&quot;stretch_section&quot;:&quot;section-stretched&quot;}\">\n\t\t\t\t\t\t<div class=\"elementor-container elementor-column-gap-default\">\n\t\t\t\t\t\t\t<div class=\"elementor-row\">\n\t\t\t\t\t<div class=\"elementor-column elementor-col-100 elementor-top-column elementor-element elementor-element-e3b6592\" data-id=\"e3b6592\" data-element_type=\"column\" data-settings=\"{&quot;background_background&quot;:&quot;classic&quot;}\">\n\t\t\t<div class=\"elementor-column-wrap elementor-element-populated\">\n\t\t\t\t\t\t\t<div class=\"elementor-widget-wrap\">\n\t\t\t\t\t\t<div class=\"elementor-element elementor-element-7b363de elementor-widget elementor-widget-shortcode\" data-id=\"7b363de\" data-element_type=\"widget\" data-widget_type=\"shortcode.default\">\n\t\t\t\t<div class=\"elementor-widget-container\">\n\t\t\t\t\t<div class=\"elementor-shortcode\"><div class=\"df-element dvcss dvcss_e_eyJzb3VyY2UiOiJodHRwczpcL1wvd3d3LmVzY3JpdGFkaWdpdGFsLmNvbVwvRXNjcml0YVwvd3AtY29udGVudFwvdXBsb2Fkc1wvMjAyNlwvMDRcL0Jyb2NodXJhLVhSUC5wZGYiLCJwZGZUaHVtYiI6Imh0dHBzOlwvXC93d3cuZXNjcml0YWRpZ2l0YWwuY29tXC9Fc2NyaXRhXC93cC1jb250ZW50XC91cGxvYWRzXC9kZWFycGRmLXRodW1ic1wvODMyNC5qcGVnIiwidmlld2VyVHlwZSI6ImZsaXBib29rIiwic2hvd0Rvd25sb2FkQ29udHJvbCI6ZmFsc2UsImNvbnRyb2xzUG9zaXRpb24iOiJib3R0b20iLCJhdXRvT3Blbk91dGxpbmUiOmZhbHNlLCJhdXRvT3BlblRodW1ibmFpbCI6ZmFsc2UsImlzM0QiOnRydWUsInNsdWciOiJ4cnAtZnJvdGFzLWdlc3Rhby1pbnRlbGlnZW50ZS1lLWludGVncmFkYS1kZS1mcm90YXMiLCJpZCI6ODMyNCwibGlnaHRib3giOiJub25lIn0=  \"><\/div><script class=\"df-shortcode-script\" type=\"application\/javascript\">if(window.DEARPDF && window.DEARPDF.parseElements){window.DEARPDF.parseElements();}<\/script><\/div>\n\t\t\t\t<\/div>\n\t\t\t\t<\/div>\n\t\t\t\t\t\t<\/div>\n\t\t\t\t\t<\/div>\n\t\t<\/div>\n\t\t\t\t\t\t\t\t<\/div>\n\t\t\t\t\t<\/div>\n\t\t<\/section>\n\t\t\t\t<section class=\"elementor-section elementor-top-section elementor-element elementor-element-a562e10 elementor-section-stretched elementor-section-boxed elementor-section-height-default elementor-section-height-default\" data-id=\"a562e10\" data-element_type=\"section\" data-settings=\"{&quot;stretch_section&quot;:&quot;section-stretched&quot;,&quot;background_background&quot;:&quot;classic&quot;}\">\n\t\t\t\t\t\t<div class=\"elementor-container elementor-column-gap-default\">\n\t\t\t\t\t\t\t<div class=\"elementor-row\">\n\t\t\t\t\t<div class=\"elementor-column elementor-col-50 elementor-top-column elementor-element elementor-element-5fbb351\" data-id=\"5fbb351\" data-element_type=\"column\" data-settings=\"{&quot;background_background&quot;:&quot;classic&quot;}\">\n\t\t\t<div class=\"elementor-column-wrap elementor-element-populated\">\n\t\t\t\t\t\t\t<div class=\"elementor-widget-wrap\">\n\t\t\t\t\t\t<div class=\"elementor-element elementor-element-7a6b3fc elementor-widget elementor-widget-heading\" data-id=\"7a6b3fc\" data-element_type=\"widget\" data-widget_type=\"heading.default\">\n\t\t\t\t<div class=\"elementor-widget-container\">\n\t\t\t<h2 class=\"elementor-heading-title elementor-size-default\">Quer saber mais sobre gest\u00e3o inteligente e integrada de frotas?<\/h2>\t\t<\/div>\n\t\t\t\t<\/div>\n\t\t\t\t\t\t<\/div>\n\t\t\t\t\t<\/div>\n\t\t<\/div>\n\t\t\t\t<div class=\"elementor-column elementor-col-50 elementor-top-column elementor-element elementor-element-98fcdc6\" data-id=\"98fcdc6\" data-element_type=\"column\" data-settings=\"{&quot;background_background&quot;:&quot;classic&quot;}\">\n\t\t\t<div class=\"elementor-column-wrap\">\n\t\t\t\t\t\t\t<div class=\"elementor-widget-wrap\">\n\t\t\t\t\t\t\t\t<\/div>\n\t\t\t\t\t<\/div>\n\t\t<\/div>\n\t\t\t\t\t\t\t\t<\/div>\n\t\t\t\t\t<\/div>\n\t\t<\/section>\n\t\t\t\t<section class=\"elementor-section elementor-top-section elementor-element elementor-element-9e7d6a5 elementor-section-stretched elementor-section-boxed elementor-section-height-default elementor-section-height-default\" data-id=\"9e7d6a5\" data-element_type=\"section\" data-settings=\"{&quot;stretch_section&quot;:&quot;section-stretched&quot;}\">\n\t\t\t\t\t\t<div class=\"elementor-container elementor-column-gap-default\">\n\t\t\t\t\t\t\t<div class=\"elementor-row\">\n\t\t\t\t\t<div class=\"elementor-column elementor-col-50 elementor-top-column elementor-element elementor-element-6f56503\" data-id=\"6f56503\" data-element_type=\"column\" data-settings=\"{&quot;background_background&quot;:&quot;classic&quot;}\">\n\t\t\t<div class=\"elementor-column-wrap elementor-element-populated\">\n\t\t\t\t\t\t\t<div class=\"elementor-widget-wrap\">\n\t\t\t\t\t\t<div class=\"elementor-element elementor-element-47776fc elementor-widget elementor-widget-text-editor\" data-id=\"47776fc\" data-element_type=\"widget\" data-widget_type=\"text-editor.default\">\n\t\t\t\t<div class=\"elementor-widget-container\">\n\t\t\t\t\t<div class=\"elementor-text-editor elementor-clearfix\"><p>A qualquer momento, a equipa da Escrita Digital est\u00e1 dispon\u00edvel para esclarecer d\u00favidas. Preencha o formul\u00e1rio e daremos resposta o mais breve poss\u00edvel.<\/p><p>Para informa\u00e7\u00f5es adicionais utilize:<br \/><a href=\"mailto:XRPFrotas.info@escritadigital.pt\"><span style=\"text-decoration: underline;\">XRPFrotas.info@escritadigital.pt<\/span><\/a><br \/>+351 213811710<br \/>(9:00-18:00 dias de semana).<\/p><\/div>\n\t\t\t\t<\/div>\n\t\t\t\t<\/div>\n\t\t\t\t\t\t<\/div>\n\t\t\t\t\t<\/div>\n\t\t<\/div>\n\t\t\t\t<div class=\"elementor-column elementor-col-50 elementor-top-column elementor-element elementor-element-b6b55b7\" data-id=\"b6b55b7\" data-element_type=\"column\" data-settings=\"{&quot;background_background&quot;:&quot;classic&quot;}\">\n\t\t\t<div class=\"elementor-column-wrap elementor-element-populated\">\n\t\t\t\t\t\t\t<div class=\"elementor-widget-wrap\">\n\t\t\t\t\t\t<div class=\"elementor-element elementor-element-66b56b2 elementor-widget elementor-widget-heading\" data-id=\"66b56b2\" data-element_type=\"widget\" data-widget_type=\"heading.default\">\n\t\t\t\t<div class=\"elementor-widget-container\">\n\t\t\t<h3 class=\"elementor-heading-title elementor-size-default\">Contacte-nos<\/h3>\t\t<\/div>\n\t\t\t\t<\/div>\n\t\t\t\t<div class=\"elementor-element elementor-element-3831f61 raven-form-button-align-center elementor-widget elementor-widget-raven-form\" data-id=\"3831f61\" data-element_type=\"widget\" data-settings=\"{&quot;fields&quot;:[{&quot;label&quot;:&quot;Nome&quot;,&quot;placeholder&quot;:&quot;Nome *&quot;,&quot;_id&quot;:&quot;912d138&quot;,&quot;acceptance_text&quot;:null,&quot;localization&quot;:null,&quot;required&quot;:&quot;true&quot;,&quot;type&quot;:&quot;text&quot;,&quot;recaptcha_badge&quot;:null,&quot;recaptcha_theme&quot;:null,&quot;recaptcha_size&quot;:null,&quot;checked_by_default&quot;:null,&quot;min_time&quot;:null,&quot;max_time&quot;:null,&quot;min_date&quot;:null,&quot;max_date&quot;:null,&quot;min&quot;:null,&quot;max&quot;:null,&quot;field_options&quot;:null,&quot;inline_list&quot;:null,&quot;native_html5&quot;:null,&quot;multiple_selection&quot;:null,&quot;rows&quot;:null,&quot;width&quot;:&quot;100&quot;,&quot;width_tablet&quot;:&quot;&quot;,&quot;width_mobile&quot;:&quot;&quot;},{&quot;label&quot;:&quot;E-mail&quot;,&quot;type&quot;:&quot;email&quot;,&quot;placeholder&quot;:&quot;E-mail *&quot;,&quot;required&quot;:&quot;true&quot;,&quot;_id&quot;:&quot;4510263&quot;,&quot;acceptance_text&quot;:null,&quot;localization&quot;:null,&quot;recaptcha_badge&quot;:null,&quot;recaptcha_theme&quot;:null,&quot;recaptcha_size&quot;:null,&quot;checked_by_default&quot;:null,&quot;min_time&quot;:null,&quot;max_time&quot;:null,&quot;min_date&quot;:null,&quot;max_date&quot;:null,&quot;min&quot;:null,&quot;max&quot;:null,&quot;field_options&quot;:null,&quot;inline_list&quot;:null,&quot;native_html5&quot;:null,&quot;multiple_selection&quot;:null,&quot;rows&quot;:null,&quot;width&quot;:&quot;100&quot;,&quot;width_tablet&quot;:&quot;&quot;,&quot;width_mobile&quot;:&quot;&quot;},{&quot;label&quot;:&quot;Contacto telef\\u00f3nico&quot;,&quot;type&quot;:&quot;tel&quot;,&quot;placeholder&quot;:&quot;Contacto telef\\u00f3nico *&quot;,&quot;_id&quot;:&quot;230a91e&quot;,&quot;acceptance_text&quot;:null,&quot;localization&quot;:null,&quot;rows&quot;:null,&quot;required&quot;:&quot;true&quot;,&quot;recaptcha_badge&quot;:null,&quot;recaptcha_theme&quot;:null,&quot;recaptcha_size&quot;:null,&quot;checked_by_default&quot;:null,&quot;min_time&quot;:null,&quot;max_time&quot;:null,&quot;min_date&quot;:null,&quot;max_date&quot;:null,&quot;min&quot;:null,&quot;max&quot;:null,&quot;field_options&quot;:null,&quot;inline_list&quot;:null,&quot;native_html5&quot;:null,&quot;multiple_selection&quot;:null,&quot;width&quot;:&quot;100&quot;,&quot;width_tablet&quot;:&quot;&quot;,&quot;width_mobile&quot;:&quot;&quot;}]}\" data-widget_type=\"raven-form.default\">\n\t\t\t\t<div class=\"elementor-widget-container\">\n\t\t\t\t\t<form class=\"raven-form raven-flex raven-flex-wrap raven-flex-bottom raven-hide-required-mark\" method=\"post\" name=\"New form\">\n\t\t\t<input type=\"hidden\" name=\"post_id\" value=\"8335\" \/>\n\t\t\t<input type=\"hidden\" name=\"form_id\" value=\"3831f61\" \/>\n\t\t\t\t\t<div id=\"raven-field-group-912d138\" class=\"raven-flex-wrap raven-field-type-text raven-field-group elementor-column elementor-col-100 raven-field-required\">\n\t\t\t\t\t<input\n\t\t\toninput=\"onInvalidRavenFormField(event)\"\n\t\t\toninvalid=\"onInvalidRavenFormField(event)\"\n\t\t\ttype=\"text\" name=\"fields[912d138]\" id=\"form-field-912d138\" class=\"raven-field\" placeholder=\"Nome *\" data-type=\"text\" required=\"required\">\n\t\t\t\t<\/div>\n\t\t\t\t<div id=\"raven-field-group-4510263\" class=\"raven-flex-wrap raven-field-type-email raven-field-group elementor-column elementor-col-100 raven-field-required\">\n\t\t\t\t\t<input\n\t\t\toninput=\"onInvalidRavenFormField(event)\"\n\t\t\toninvalid=\"onInvalidRavenFormField(event)\"\n\t\t\ttype=\"email\" name=\"fields[4510263]\" id=\"form-field-4510263\" class=\"raven-field\" placeholder=\"E-mail *\" data-type=\"email\" required=\"required\">\n\t\t\t\t<\/div>\n\t\t\t\t<div id=\"raven-field-group-230a91e\" class=\"raven-flex-wrap raven-field-type-tel raven-field-group elementor-column elementor-col-100 raven-field-required\">\n\t\t\t\t\t<input\n\t\t\toninput=\"onInvalidRavenFormField(event)\"\n\t\t\toninvalid=\"onInvalidRavenFormField(event)\"\n\t\t\ttype=\"tel\" name=\"fields[230a91e]\" id=\"form-field-230a91e\" class=\"raven-field\" placeholder=\"Contacto telef\u00f3nico *\" data-type=\"tel\" required=\"required\" pattern=\"^[0-9\\-\\+\\s\\(\\)]*$\" title=\"The value should only consist numbers and phone characters (-, +, (), etc)\">\n\t\t\t\t<\/div>\n\t\t\t\t\t<div class=\"raven-field-group raven-field-type-submit-button elementor-column elementor-col-100 justify\">\n\t\t\t\t<button type=\"submit\" class=\"raven-submit-button\">\n\t\t\t\t\t\t\t\t\t\t<span>Enviar<\/span>\n\t\t\t\t<\/button>\n\t\t\t<\/div>\n\t\t<\/form>\n\n\t\t\t\t<\/div>\n\t\t\t\t<\/div>\n\t\t\t\t\t\t<\/div>\n\t\t\t\t\t<\/div>\n\t\t<\/div>\n\t\t\t\t\t\t\t\t<\/div>\n\t\t\t\t\t<\/div>\n\t\t<\/section>\n\t\t\t\t\t\t<\/div>\n\t\t\t\t\t\t<\/div>\n\t\t\t\t\t<\/div>\n\t\t","protected":false},"excerpt":{"rendered":"<p>XRP | Frotas \u2014 Gest\u00e3o inteligente e integrada de frotas Home Quer saber mais sobre gest\u00e3o inteligente e integrada de frotas? A qualquer momento, a equipa da Escrita Digital est\u00e1 dispon\u00edvel para esclarecer d\u00favidas. Preencha o formul\u00e1rio e daremos resposta o mais breve poss\u00edvel. Para informa\u00e7\u00f5es adicionais utilize:XRPFrotas.info@escritadigital.pt+351 213811710(9:00-18:00 dias de semana). Contacte-nos Enviar<\/p>\n","protected":false},"author":1,"featured_media":0,"parent":1325,"menu_order":1,"comment_status":"closed","ping_status":"closed","template":"","meta":[],"yoast_head":"<!-- This site is optimized with the Yoast SEO plugin v15.1.1 - https:\/\/yoast.com\/wordpress\/plugins\/seo\/ -->\n<title>Brochura XRP | Frotas - Gest\u00e3o Inteligente e Integrada de Frotas | Escrita Digital<\/title>\n<meta name=\"robots\" content=\"index, follow, max-snippet:-1, max-image-preview:large, max-video-preview:-1\" \/>\n<link rel=\"canonical\" href=\"https:\/\/www.escritadigital.com\/site\/xrp-frotas\/gestao-de-frota\/brochura-xrp-frotas-gestao-inteligente-e-integrada-de-frotas\/\" \/>\n<meta property=\"og:locale\" content=\"pt_PT\" \/>\n<meta property=\"og:type\" content=\"article\" \/>\n<meta property=\"og:title\" content=\"Brochura XRP | Frotas - Gest\u00e3o Inteligente e Integrada de Frotas | Escrita Digital\" \/>\n<meta property=\"og:description\" content=\"XRP | Frotas \u2014 Gest\u00e3o inteligente e integrada de frotas Home Quer saber mais sobre gest\u00e3o inteligente e integrada de frotas? A qualquer momento, a equipa da Escrita Digital est\u00e1 dispon\u00edvel para esclarecer d\u00favidas. Preencha o formul\u00e1rio e daremos resposta o mais breve poss\u00edvel. Para informa\u00e7\u00f5es adicionais utilize:XRPFrotas.info@escritadigital.pt+351 213811710(9:00-18:00 dias de semana). Contacte-nos Enviar\" \/>\n<meta property=\"og:url\" content=\"https:\/\/www.escritadigital.com\/site\/xrp-frotas\/gestao-de-frota\/brochura-xrp-frotas-gestao-inteligente-e-integrada-de-frotas\/\" \/>\n<meta property=\"og:site_name\" content=\"Escrita Digital\" \/>\n<meta property=\"article:modified_time\" content=\"2026-04-10T10:43:59+00:00\" \/>\n<meta name=\"twitter:card\" content=\"summary_large_image\" \/>\n<script type=\"application\/ld+json\" class=\"yoast-schema-graph\">{\"@context\":\"https:\/\/schema.org\",\"@graph\":[{\"@type\":\"Organization\",\"@id\":\"https:\/\/www.escritadigital.com\/site\/#organization\",\"name\":\"Escrita Digital\",\"url\":\"https:\/\/www.escritadigital.com\/site\/\",\"sameAs\":[],\"logo\":{\"@type\":\"ImageObject\",\"@id\":\"https:\/\/www.escritadigital.com\/site\/#logo\",\"inLanguage\":\"pt-PT\",\"url\":\"https:\/\/www.escritadigital.com\/Escrita\/wp-content\/uploads\/2020\/01\/escrita_digital_logo.svg\",\"width\":200,\"height\":55,\"caption\":\"Escrita Digital\"},\"image\":{\"@id\":\"https:\/\/www.escritadigital.com\/site\/#logo\"}},{\"@type\":\"WebSite\",\"@id\":\"https:\/\/www.escritadigital.com\/site\/#website\",\"url\":\"https:\/\/www.escritadigital.com\/site\/\",\"name\":\"Escrita Digital\",\"description\":\"Aplica\\u00e7\\u00f5es de Gest\\u00e3o\",\"publisher\":{\"@id\":\"https:\/\/www.escritadigital.com\/site\/#organization\"},\"potentialAction\":[{\"@type\":\"SearchAction\",\"target\":\"https:\/\/www.escritadigital.com\/site\/?s={search_term_string}\",\"query-input\":\"required name=search_term_string\"}],\"inLanguage\":\"pt-PT\"},{\"@type\":\"WebPage\",\"@id\":\"https:\/\/www.escritadigital.com\/site\/xrp-frotas\/gestao-de-frota\/brochura-xrp-frotas-gestao-inteligente-e-integrada-de-frotas\/#webpage\",\"url\":\"https:\/\/www.escritadigital.com\/site\/xrp-frotas\/gestao-de-frota\/brochura-xrp-frotas-gestao-inteligente-e-integrada-de-frotas\/\",\"name\":\"Brochura XRP | Frotas - Gest\\u00e3o Inteligente e Integrada de Frotas | Escrita Digital\",\"isPartOf\":{\"@id\":\"https:\/\/www.escritadigital.com\/site\/#website\"},\"datePublished\":\"2026-04-10T10:30:14+00:00\",\"dateModified\":\"2026-04-10T10:43:59+00:00\",\"breadcrumb\":{\"@id\":\"https:\/\/www.escritadigital.com\/site\/xrp-frotas\/gestao-de-frota\/brochura-xrp-frotas-gestao-inteligente-e-integrada-de-frotas\/#breadcrumb\"},\"inLanguage\":\"pt-PT\",\"potentialAction\":[{\"@type\":\"ReadAction\",\"target\":[\"https:\/\/www.escritadigital.com\/site\/xrp-frotas\/gestao-de-frota\/brochura-xrp-frotas-gestao-inteligente-e-integrada-de-frotas\/\"]}]},{\"@type\":\"BreadcrumbList\",\"@id\":\"https:\/\/www.escritadigital.com\/site\/xrp-frotas\/gestao-de-frota\/brochura-xrp-frotas-gestao-inteligente-e-integrada-de-frotas\/#breadcrumb\",\"itemListElement\":[{\"@type\":\"ListItem\",\"position\":1,\"item\":{\"@type\":\"WebPage\",\"@id\":\"https:\/\/www.escritadigital.com\/site\/\",\"url\":\"https:\/\/www.escritadigital.com\/site\/\",\"name\":\"In\\u00edcio\"}},{\"@type\":\"ListItem\",\"position\":2,\"item\":{\"@type\":\"WebPage\",\"@id\":\"https:\/\/www.escritadigital.com\/site\/xrp-frotas\/\",\"url\":\"https:\/\/www.escritadigital.com\/site\/xrp-frotas\/\",\"name\":\"XRP Frotas\"}},{\"@type\":\"ListItem\",\"position\":3,\"item\":{\"@type\":\"WebPage\",\"@id\":\"https:\/\/www.escritadigital.com\/site\/xrp-frotas\/gestao-de-frota\/\",\"url\":\"https:\/\/www.escritadigital.com\/site\/xrp-frotas\/gestao-de-frota\/\",\"name\":\"Gest\\u00e3o de Frota\"}},{\"@type\":\"ListItem\",\"position\":4,\"item\":{\"@type\":\"WebPage\",\"@id\":\"https:\/\/www.escritadigital.com\/site\/xrp-frotas\/gestao-de-frota\/brochura-xrp-frotas-gestao-inteligente-e-integrada-de-frotas\/\",\"url\":\"https:\/\/www.escritadigital.com\/site\/xrp-frotas\/gestao-de-frota\/brochura-xrp-frotas-gestao-inteligente-e-integrada-de-frotas\/\",\"name\":\"Brochura XRP | Frotas &#8211; Gest\\u00e3o Inteligente e Integrada de Frotas\"}}]}]}<\/script>\n<!-- \/ Yoast SEO plugin. -->","_links":{"self":[{"href":"https:\/\/www.escritadigital.com\/site\/wp-json\/wp\/v2\/pages\/8335"}],"collection":[{"href":"https:\/\/www.escritadigital.com\/site\/wp-json\/wp\/v2\/pages"}],"about":[{"href":"https:\/\/www.escritadigital.com\/site\/wp-json\/wp\/v2\/types\/page"}],"author":[{"embeddable":true,"href":"https:\/\/www.escritadigital.com\/site\/wp-json\/wp\/v2\/users\/1"}],"replies":[{"embeddable":true,"href":"https:\/\/www.escritadigital.com\/site\/wp-json\/wp\/v2\/comments?post=8335"}],"version-history":[{"count":2,"href":"https:\/\/www.escritadigital.com\/site\/wp-json\/wp\/v2\/pages\/8335\/revisions"}],"predecessor-version":[{"id":8342,"href":"https:\/\/www.escritadigital.com\/site\/wp-json\/wp\/v2\/pages\/8335\/revisions\/8342"}],"up":[{"embeddable":true,"href":"https:\/\/www.escritadigital.com\/site\/wp-json\/wp\/v2\/pages\/1325"}],"wp:attachment":[{"href":"https:\/\/www.escritadigital.com\/site\/wp-json\/wp\/v2\/media?parent=8335"}],"curies":[{"name":"wp","href":"https:\/\/api.w.org\/{rel}","templated":true}]}}