{"id":4552,"date":"2020-03-05T11:20:15","date_gmt":"2020-03-05T11:20:15","guid":{"rendered":"https:\/\/https:\/\/www.escritadigital.com\/xrp-shared-mobility\/ridesharing\/"},"modified":"2020-10-08T17:50:23","modified_gmt":"2020-10-08T16:50:23","slug":"ridesharing","status":"publish","type":"page","link":"https:\/\/www.escritadigital.com\/site\/en\/xrp-shared-mobility\/ridesharing\/","title":{"rendered":"Ridesharing"},"content":{"rendered":"\t\t<div data-elementor-type=\"wp-page\" data-elementor-id=\"4552\" class=\"elementor elementor-4552 elementor-1409\" data-elementor-settings=\"[]\">\n\t\t\t\t\t\t<div class=\"elementor-inner\">\n\t\t\t\t\t\t\t<div class=\"elementor-section-wrap\">\n\t\t\t\t\t\t\t<section class=\"elementor-section elementor-top-section elementor-element elementor-element-561dad5 elementor-section-stretched elementor-section-full_width elementor-section-height-min-height elementor-section-height-default elementor-section-items-middle\" data-id=\"561dad5\" data-element_type=\"section\" data-settings=\"{&quot;stretch_section&quot;:&quot;section-stretched&quot;,&quot;background_background&quot;:&quot;classic&quot;}\">\n\t\t\t\t\t\t\t<div class=\"elementor-background-overlay\"><\/div>\n\t\t\t\t\t\t\t<div class=\"elementor-container elementor-column-gap-default\">\n\t\t\t\t\t\t\t<div class=\"elementor-row\">\n\t\t\t\t\t<div class=\"elementor-column elementor-col-100 elementor-top-column elementor-element elementor-element-2bc983b\" data-id=\"2bc983b\" data-element_type=\"column\">\n\t\t\t<div class=\"elementor-column-wrap elementor-element-populated\">\n\t\t\t\t\t\t\t<div class=\"elementor-widget-wrap\">\n\t\t\t\t\t\t<div class=\"elementor-element elementor-element-479df55 elementor-align-center elementor-widget elementor-widget-raven-heading\" data-id=\"479df55\" data-element_type=\"widget\" data-widget_type=\"raven-heading.default\">\n\t\t\t\t<div class=\"elementor-widget-container\">\n\t\t\t\t\t<div class=\"raven-widget-wrapper\"><h2 class=\"raven-heading raven-heading-h2\"><span class=\"raven-heading-title\">Ridesharing<\/span><\/h2><\/div>\n\t\t\t\t<\/div>\n\t\t\t\t<\/div>\n\t\t\t\t<div class=\"elementor-element elementor-element-04d3d46 elementor-align-center elementor-widget elementor-widget-raven-breadcrumbs\" data-id=\"04d3d46\" data-element_type=\"widget\" data-widget_type=\"raven-breadcrumbs.default\">\n\t\t\t\t<div class=\"elementor-widget-container\">\n\t\t\t<div class=\"raven-breadcrumbs raven-breadcrumbs-default\"><ol class=\"breadcrumb\">\t\t\t\t<li class=\"breadcrumb-item active\" aria-current=\"page\"><span>Home<\/span><\/li>\n\n\t\t\t\t<\/ol><\/div>\t\t<\/div>\n\t\t\t\t<\/div>\n\t\t\t\t\t\t<\/div>\n\t\t\t\t\t<\/div>\n\t\t<\/div>\n\t\t\t\t\t\t\t\t<\/div>\n\t\t\t\t\t<\/div>\n\t\t<\/section>\n\t\t\t\t<section class=\"elementor-section elementor-top-section elementor-element elementor-element-1edb1e2 elementor-section-content-middle elementor-section-stretched elementor-section-boxed elementor-section-height-default elementor-section-height-default\" data-id=\"1edb1e2\" data-element_type=\"section\" data-settings=\"{&quot;stretch_section&quot;:&quot;section-stretched&quot;}\">\n\t\t\t\t\t\t<div class=\"elementor-container elementor-column-gap-default\">\n\t\t\t\t\t\t\t<div class=\"elementor-row\">\n\t\t\t\t\t<div class=\"elementor-column elementor-col-100 elementor-top-column elementor-element elementor-element-8ee1a1e\" data-id=\"8ee1a1e\" data-element_type=\"column\" data-settings=\"{&quot;background_background&quot;:&quot;classic&quot;}\">\n\t\t\t<div class=\"elementor-column-wrap elementor-element-populated\">\n\t\t\t\t\t\t\t<div class=\"elementor-widget-wrap\">\n\t\t\t\t\t\t<div class=\"elementor-element elementor-element-056d835 elementor-widget elementor-widget-text-editor\" data-id=\"056d835\" data-element_type=\"widget\" data-widget_type=\"text-editor.default\">\n\t\t\t\t<div class=\"elementor-widget-container\">\n\t\t\t\t\t<div class=\"elementor-text-editor elementor-clearfix\"><p>This application allows shared travel within the organization, either in assigned vehicles or in personal vehicles, or in specific trips where the place of departure and arrival are fixed by the person offering the ride.<\/p>\n<p>The application shows the route on a map, automatically calculating the estimated travel time and the CO2 saved according to the number of rides.<\/p>\n<\/div>\n\t\t\t\t<\/div>\n\t\t\t\t<\/div>\n\t\t\t\t\t\t<\/div>\n\t\t\t\t\t<\/div>\n\t\t<\/div>\n\t\t\t\t\t\t\t\t<\/div>\n\t\t\t\t\t<\/div>\n\t\t<\/section>\n\t\t\t\t<section class=\"elementor-section elementor-top-section elementor-element elementor-element-756e0fa elementor-section-stretched elementor-section-boxed elementor-section-height-default elementor-section-height-default\" data-id=\"756e0fa\" data-element_type=\"section\" data-settings=\"{&quot;stretch_section&quot;:&quot;section-stretched&quot;}\">\n\t\t\t\t\t\t<div class=\"elementor-container elementor-column-gap-default\">\n\t\t\t\t\t\t\t<div class=\"elementor-row\">\n\t\t\t\t\t<div class=\"elementor-column elementor-col-100 elementor-top-column elementor-element elementor-element-715845b\" data-id=\"715845b\" data-element_type=\"column\" data-settings=\"{&quot;background_background&quot;:&quot;classic&quot;}\">\n\t\t\t<div class=\"elementor-column-wrap elementor-element-populated\">\n\t\t\t\t\t\t\t<div class=\"elementor-widget-wrap\">\n\t\t\t\t\t\t<div class=\"elementor-element elementor-element-4197cbb elementor-widget elementor-widget-jet-tabs\" data-id=\"4197cbb\" data-element_type=\"widget\" data-widget_type=\"jet-tabs.default\">\n\t\t\t\t<div class=\"elementor-widget-container\">\n\t\t\t\t\t<div class=\"jet-tabs jet-tabs-position-left jet-tabs-move-up-effect  jet-tabs-position-mobile-top\" data-settings=\"{&quot;activeIndex&quot;:0,&quot;event&quot;:&quot;click&quot;,&quot;autoSwitch&quot;:false,&quot;autoSwitchDelay&quot;:3000,&quot;ajaxTemplate&quot;:false}\" role=\"tablist\">\n\t\t\t<div class=\"jet-tabs__control-wrapper\">\n\t\t\t\t<div id=\"jet-tabs-control-6871\" class=\"jet-tabs__control jet-tabs__control-icon-left elementor-menu-anchor active-tab\" data-tab=\"1\" tabindex=\"6871\" role=\"tab\" aria-controls=\"jet-tabs-content-6871\" aria-expanded=\"true\" data-template-id=\"1411\"><div class=\"jet-tabs__control-inner\"><div class=\"jet-tabs__label-text\">Key features<\/div><\/div><\/div>\t\t\t<\/div>\n\t\t\t<div class=\"jet-tabs__content-wrapper\">\n\t\t\t\t<div id=\"jet-tabs-content-6871\" class=\"jet-tabs__content active-content\" data-tab=\"1\" role=\"tabpanel\" aria-hidden=\"false\" data-template-id=\"1411\">\t\t<div data-elementor-type=\"page\" data-elementor-id=\"1411\" class=\"elementor elementor-1411\" data-elementor-settings=\"[]\">\n\t\t\t\t\t\t<div class=\"elementor-inner\">\n\t\t\t\t\t\t\t<div class=\"elementor-section-wrap\">\n\t\t\t\t\t\t\t<section class=\"elementor-section elementor-top-section elementor-element elementor-element-e648ef8 elementor-section-boxed elementor-section-height-default elementor-section-height-default\" data-id=\"e648ef8\" data-element_type=\"section\">\n\t\t\t\t\t\t<div class=\"elementor-container elementor-column-gap-default\">\n\t\t\t\t\t\t\t<div class=\"elementor-row\">\n\t\t\t\t\t<div class=\"elementor-column elementor-col-100 elementor-top-column elementor-element elementor-element-1fc0c07\" data-id=\"1fc0c07\" data-element_type=\"column\">\n\t\t\t<div class=\"elementor-column-wrap elementor-element-populated\">\n\t\t\t\t\t\t\t<div class=\"elementor-widget-wrap\">\n\t\t\t\t\t\t<div class=\"elementor-element elementor-element-dd43c20 elementor-align-left elementor-icon-list--layout-traditional elementor-list-item-link-full_width elementor-widget elementor-widget-icon-list\" data-id=\"dd43c20\" data-element_type=\"widget\" data-widget_type=\"icon-list.default\">\n\t\t\t\t<div class=\"elementor-widget-container\">\n\t\t\t\t\t<ul class=\"elementor-icon-list-items\">\n\t\t\t\t\t\t\t<li class=\"elementor-icon-list-item\">\n\t\t\t\t\t\t\t\t\t\t\t<span class=\"elementor-icon-list-icon\">\n\t\t\t\t\t\t\t<i aria-hidden=\"true\" class=\"fas fa-check\"><\/i>\t\t\t\t\t\t<\/span>\n\t\t\t\t\t\t\t\t\t\t<span class=\"elementor-icon-list-text\">Aplica\u00e7\u00e3o suportada no Google Maps, fornecendo o trajeto e a hora prevista de chegada de forma autom\u00e1tica;<\/span>\n\t\t\t\t\t\t\t\t\t<\/li>\n\t\t\t\t\t\t\t\t<li class=\"elementor-icon-list-item\">\n\t\t\t\t\t\t\t\t\t\t\t<span class=\"elementor-icon-list-icon\">\n\t\t\t\t\t\t\t<i aria-hidden=\"true\" class=\"fas fa-check\"><\/i>\t\t\t\t\t\t<\/span>\n\t\t\t\t\t\t\t\t\t\t<span class=\"elementor-icon-list-text\">Possibilidade de na oferta fixar logo as condi\u00e7\u00f5es de regresso;<\/span>\n\t\t\t\t\t\t\t\t\t<\/li>\n\t\t\t\t\t\t\t\t<li class=\"elementor-icon-list-item\">\n\t\t\t\t\t\t\t\t\t\t\t<span class=\"elementor-icon-list-icon\">\n\t\t\t\t\t\t\t<i aria-hidden=\"true\" class=\"fas fa-check\"><\/i>\t\t\t\t\t\t<\/span>\n\t\t\t\t\t\t\t\t\t\t<span class=\"elementor-icon-list-text\">Gest\u00e3o de viagens frequentes;<\/span>\n\t\t\t\t\t\t\t\t\t<\/li>\n\t\t\t\t\t\t\t\t<li class=\"elementor-icon-list-item\">\n\t\t\t\t\t\t\t\t\t\t\t<span class=\"elementor-icon-list-icon\">\n\t\t\t\t\t\t\t<i aria-hidden=\"true\" class=\"fas fa-check\"><\/i>\t\t\t\t\t\t<\/span>\n\t\t\t\t\t\t\t\t\t\t<span class=\"elementor-icon-list-text\">O administrador da aplica\u00e7\u00e3o poder\u00e1 fixar locais para desloca\u00e7\u00f5es, quer permanentes, quer pontuais (ex: encontros de quadros, a\u00e7\u00f5es de forma\u00e7\u00e3o);<\/span>\n\t\t\t\t\t\t\t\t\t<\/li>\n\t\t\t\t\t\t\t\t<li class=\"elementor-icon-list-item\">\n\t\t\t\t\t\t\t\t\t\t\t<span class=\"elementor-icon-list-icon\">\n\t\t\t\t\t\t\t<i aria-hidden=\"true\" class=\"fas fa-check\"><\/i>\t\t\t\t\t\t<\/span>\n\t\t\t\t\t\t\t\t\t\t<span class=\"elementor-icon-list-text\">Sistema de verifica\u00e7\u00e3o se a viagem foi realizada ou n\u00e3o, e o grau de cumprimento dos passageiros, a fim de se poder perceber a utiliza\u00e7\u00e3o real, bem como gerir corretamente sistema de incentivos;<\/span>\n\t\t\t\t\t\t\t\t\t<\/li>\n\t\t\t\t\t\t\t\t<li class=\"elementor-icon-list-item\">\n\t\t\t\t\t\t\t\t\t\t\t<span class=\"elementor-icon-list-icon\">\n\t\t\t\t\t\t\t<i aria-hidden=\"true\" class=\"fas fa-check\"><\/i>\t\t\t\t\t\t<\/span>\n\t\t\t\t\t\t\t\t\t\t<span class=\"elementor-icon-list-text\">Integra\u00e7\u00e3o com sistema de pontos, o que permite implementar sistemas de incentivos \u00e0 partilha;<\/span>\n\t\t\t\t\t\t\t\t\t<\/li>\n\t\t\t\t\t\t\t\t<li class=\"elementor-icon-list-item\">\n\t\t\t\t\t\t\t\t\t\t\t<span class=\"elementor-icon-list-icon\">\n\t\t\t\t\t\t\t<i aria-hidden=\"true\" class=\"fas fa-check\"><\/i>\t\t\t\t\t\t<\/span>\n\t\t\t\t\t\t\t\t\t\t<span class=\"elementor-icon-list-text\">Integra\u00e7\u00e3o com app XRP, permitindo o aceso quer em ecr\u00e3s grandes, quer em telem\u00f3veis;<\/span>\n\t\t\t\t\t\t\t\t\t<\/li>\n\t\t\t\t\t\t\t\t<li class=\"elementor-icon-list-item\">\n\t\t\t\t\t\t\t\t\t\t\t<span class=\"elementor-icon-list-icon\">\n\t\t\t\t\t\t\t<i aria-hidden=\"true\" class=\"fas fa-check\"><\/i>\t\t\t\t\t\t<\/span>\n\t\t\t\t\t\t\t\t\t\t<span class=\"elementor-icon-list-text\">Dashboard para acompanhar o funcionamento da aplica\u00e7\u00e3o, mostrando a evolu\u00e7\u00e3o das ofertas, do n\u00famero de boleias, dos quil\u00f3metros percorridos e do CO2 poupado.<\/span>\n\t\t\t\t\t\t\t\t\t<\/li>\n\t\t\t\t\t\t<\/ul>\n\t\t\t\t<\/div>\n\t\t\t\t<\/div>\n\t\t\t\t\t\t<\/div>\n\t\t\t\t\t<\/div>\n\t\t<\/div>\n\t\t\t\t\t\t\t\t<\/div>\n\t\t\t\t\t<\/div>\n\t\t<\/section>\n\t\t\t\t\t\t<\/div>\n\t\t\t\t\t\t<\/div>\n\t\t\t\t\t<\/div>\n\t\t<\/div>\t\t\t<\/div>\n\t\t<\/div>\n\t\t\t\t<\/div>\n\t\t\t\t<\/div>\n\t\t\t\t\t\t<\/div>\n\t\t\t\t\t<\/div>\n\t\t<\/div>\n\t\t\t\t\t\t\t\t<\/div>\n\t\t\t\t\t<\/div>\n\t\t<\/section>\n\t\t\t\t<section class=\"elementor-section elementor-top-section elementor-element elementor-element-3b4fbf11 elementor-section-stretched elementor-section-boxed elementor-section-height-default elementor-section-height-default\" data-id=\"3b4fbf11\" data-element_type=\"section\" data-settings=\"{&quot;stretch_section&quot;:&quot;section-stretched&quot;}\">\n\t\t\t\t\t\t<div class=\"elementor-container elementor-column-gap-default\">\n\t\t\t\t\t\t\t<div class=\"elementor-row\">\n\t\t\t\t\t<div class=\"elementor-column elementor-col-33 elementor-top-column elementor-element elementor-element-2976881d\" data-id=\"2976881d\" data-element_type=\"column\" data-settings=\"{&quot;background_background&quot;:&quot;classic&quot;}\">\n\t\t\t<div class=\"elementor-column-wrap elementor-element-populated\">\n\t\t\t\t\t\t\t<div class=\"elementor-widget-wrap\">\n\t\t\t\t\t\t<div class=\"elementor-element elementor-element-4c1dc67a elementor-widget elementor-widget-image\" data-id=\"4c1dc67a\" data-element_type=\"widget\" data-widget_type=\"image.default\">\n\t\t\t\t<div class=\"elementor-widget-container\">\n\t\t\t\t\t<div class=\"elementor-image\">\n\t\t\t\t\t\t\t\t\t\t<img width=\"768\" height=\"502\" src=\"https:\/\/www.escritadigital.com\/Escrita\/wp-content\/uploads\/2020\/06\/homepage-768x502.jpg\" class=\"attachment-medium_large size-medium_large\" alt=\"\" loading=\"lazy\" srcset=\"https:\/\/www.escritadigital.com\/Escrita\/wp-content\/uploads\/2020\/06\/homepage-768x502.jpg 768w, https:\/\/www.escritadigital.com\/Escrita\/wp-content\/uploads\/2020\/06\/homepage-300x196.jpg 300w, https:\/\/www.escritadigital.com\/Escrita\/wp-content\/uploads\/2020\/06\/homepage-1024x669.jpg 1024w, https:\/\/www.escritadigital.com\/Escrita\/wp-content\/uploads\/2020\/06\/homepage.jpg 1280w\" sizes=\"(max-width: 768px) 100vw, 768px\" \/>\t\t\t\t\t\t\t\t\t\t\t<\/div>\n\t\t\t\t<\/div>\n\t\t\t\t<\/div>\n\t\t\t\t\t\t<\/div>\n\t\t\t\t\t<\/div>\n\t\t<\/div>\n\t\t\t\t<div class=\"elementor-column elementor-col-33 elementor-top-column elementor-element elementor-element-6667e3a7\" data-id=\"6667e3a7\" data-element_type=\"column\" data-settings=\"{&quot;background_background&quot;:&quot;classic&quot;}\">\n\t\t\t<div class=\"elementor-column-wrap elementor-element-populated\">\n\t\t\t\t\t\t\t<div class=\"elementor-widget-wrap\">\n\t\t\t\t\t\t<div class=\"elementor-element elementor-element-1cfc1236 elementor-widget elementor-widget-image\" data-id=\"1cfc1236\" data-element_type=\"widget\" data-widget_type=\"image.default\">\n\t\t\t\t<div class=\"elementor-widget-container\">\n\t\t\t\t\t<div class=\"elementor-image\">\n\t\t\t\t\t\t\t\t\t\t<img width=\"768\" height=\"502\" src=\"https:\/\/www.escritadigital.com\/Escrita\/wp-content\/uploads\/2020\/06\/oferecer-boleia-768x502.jpg\" class=\"attachment-medium_large size-medium_large\" alt=\"\" loading=\"lazy\" srcset=\"https:\/\/www.escritadigital.com\/Escrita\/wp-content\/uploads\/2020\/06\/oferecer-boleia-768x502.jpg 768w, https:\/\/www.escritadigital.com\/Escrita\/wp-content\/uploads\/2020\/06\/oferecer-boleia-300x196.jpg 300w, https:\/\/www.escritadigital.com\/Escrita\/wp-content\/uploads\/2020\/06\/oferecer-boleia-1024x669.jpg 1024w, https:\/\/www.escritadigital.com\/Escrita\/wp-content\/uploads\/2020\/06\/oferecer-boleia.jpg 1280w\" sizes=\"(max-width: 768px) 100vw, 768px\" \/>\t\t\t\t\t\t\t\t\t\t\t<\/div>\n\t\t\t\t<\/div>\n\t\t\t\t<\/div>\n\t\t\t\t\t\t<\/div>\n\t\t\t\t\t<\/div>\n\t\t<\/div>\n\t\t\t\t<div class=\"elementor-column elementor-col-33 elementor-top-column elementor-element elementor-element-4b8d72dc\" data-id=\"4b8d72dc\" data-element_type=\"column\" data-settings=\"{&quot;background_background&quot;:&quot;classic&quot;}\">\n\t\t\t<div class=\"elementor-column-wrap elementor-element-populated\">\n\t\t\t\t\t\t\t<div class=\"elementor-widget-wrap\">\n\t\t\t\t\t\t<div class=\"elementor-element elementor-element-63dbb621 elementor-widget elementor-widget-image\" data-id=\"63dbb621\" data-element_type=\"widget\" data-widget_type=\"image.default\">\n\t\t\t\t<div class=\"elementor-widget-container\">\n\t\t\t\t\t<div class=\"elementor-image\">\n\t\t\t\t\t\t\t\t\t\t<img width=\"768\" height=\"502\" src=\"https:\/\/www.escritadigital.com\/Escrita\/wp-content\/uploads\/2020\/06\/viagens-encerradas-768x502.jpg\" class=\"attachment-medium_large size-medium_large\" alt=\"\" loading=\"lazy\" srcset=\"https:\/\/www.escritadigital.com\/Escrita\/wp-content\/uploads\/2020\/06\/viagens-encerradas-768x502.jpg 768w, https:\/\/www.escritadigital.com\/Escrita\/wp-content\/uploads\/2020\/06\/viagens-encerradas-300x196.jpg 300w, https:\/\/www.escritadigital.com\/Escrita\/wp-content\/uploads\/2020\/06\/viagens-encerradas-1024x669.jpg 1024w, https:\/\/www.escritadigital.com\/Escrita\/wp-content\/uploads\/2020\/06\/viagens-encerradas.jpg 1280w\" sizes=\"(max-width: 768px) 100vw, 768px\" \/>\t\t\t\t\t\t\t\t\t\t\t<\/div>\n\t\t\t\t<\/div>\n\t\t\t\t<\/div>\n\t\t\t\t\t\t<\/div>\n\t\t\t\t\t<\/div>\n\t\t<\/div>\n\t\t\t\t\t\t\t\t<\/div>\n\t\t\t\t\t<\/div>\n\t\t<\/section>\n\t\t\t\t\t\t<\/div>\n\t\t\t\t\t\t<\/div>\n\t\t\t\t\t<\/div>\n\t\t","protected":false},"excerpt":{"rendered":"<p>Ridesharing Home This application allows shared travel within the organization, either in assigned vehicles or in personal vehicles, or in specific trips where the place of departure and arrival are fixed by the person offering the ride. The application shows the route on a map, automatically calculating the estimated travel time and the CO2 saved [&hellip;]<\/p>\n","protected":false},"author":1,"featured_media":0,"parent":3710,"menu_order":2,"comment_status":"closed","ping_status":"closed","template":"","meta":[],"yoast_head":"<!-- This site is optimized with the Yoast SEO plugin v15.1.1 - https:\/\/yoast.com\/wordpress\/plugins\/seo\/ -->\n<title>Ridesharing | Escrita Digital<\/title>\n<meta name=\"robots\" content=\"index, follow, max-snippet:-1, max-image-preview:large, max-video-preview:-1\" \/>\n<link rel=\"canonical\" href=\"https:\/\/www.escritadigital.com\/site\/xrp-shared-mobility\/ridesharing\/\" \/>\n<meta property=\"og:locale\" content=\"pt_PT\" \/>\n<meta property=\"og:type\" content=\"article\" \/>\n<meta property=\"og:title\" content=\"Ridesharing | Escrita Digital\" \/>\n<meta property=\"og:description\" content=\"Ridesharing Home This application allows shared travel within the organization, either in assigned vehicles or in personal vehicles, or in specific trips where the place of departure and arrival are fixed by the person offering the ride. The application shows the route on a map, automatically calculating the estimated travel time and the CO2 saved [&hellip;]\" \/>\n<meta property=\"og:url\" content=\"https:\/\/www.escritadigital.com\/site\/en\/xrp-shared-mobility\/ridesharing\/\" \/>\n<meta property=\"og:site_name\" content=\"Escrita Digital\" \/>\n<meta property=\"article:modified_time\" content=\"2020-10-08T16:50:23+00:00\" \/>\n<meta property=\"og:image\" content=\"https:\/\/www.escritadigital.com\/Escrita\/wp-content\/uploads\/2020\/06\/homepage-768x502.jpg\" \/>\n<meta name=\"twitter:card\" content=\"summary_large_image\" \/>\n<script type=\"application\/ld+json\" class=\"yoast-schema-graph\">{\"@context\":\"https:\/\/schema.org\",\"@graph\":[{\"@type\":\"Organization\",\"@id\":\"https:\/\/www.escritadigital.com\/site\/#organization\",\"name\":\"Escrita Digital\",\"url\":\"https:\/\/www.escritadigital.com\/site\/\",\"sameAs\":[],\"logo\":{\"@type\":\"ImageObject\",\"@id\":\"https:\/\/www.escritadigital.com\/site\/#logo\",\"inLanguage\":\"pt-PT\",\"url\":\"https:\/\/www.escritadigital.com\/Escrita\/wp-content\/uploads\/2020\/01\/escrita_digital_logo.svg\",\"width\":200,\"height\":55,\"caption\":\"Escrita Digital\"},\"image\":{\"@id\":\"https:\/\/www.escritadigital.com\/site\/#logo\"}},{\"@type\":\"WebSite\",\"@id\":\"https:\/\/www.escritadigital.com\/site\/#website\",\"url\":\"https:\/\/www.escritadigital.com\/site\/\",\"name\":\"Escrita Digital\",\"description\":\"Aplica\\u00e7\\u00f5es de Gest\\u00e3o\",\"publisher\":{\"@id\":\"https:\/\/www.escritadigital.com\/site\/#organization\"},\"potentialAction\":[{\"@type\":\"SearchAction\",\"target\":\"https:\/\/www.escritadigital.com\/site\/?s={search_term_string}\",\"query-input\":\"required name=search_term_string\"}],\"inLanguage\":\"pt-PT\"},{\"@type\":\"ImageObject\",\"@id\":\"https:\/\/www.escritadigital.com\/site\/en\/xrp-shared-mobility\/ridesharing\/#primaryimage\",\"inLanguage\":\"pt-PT\",\"url\":\"https:\/\/www.escritadigital.com\/Escrita\/wp-content\/uploads\/2020\/06\/homepage.jpg\",\"width\":1280,\"height\":836},{\"@type\":\"WebPage\",\"@id\":\"https:\/\/www.escritadigital.com\/site\/en\/xrp-shared-mobility\/ridesharing\/#webpage\",\"url\":\"https:\/\/www.escritadigital.com\/site\/en\/xrp-shared-mobility\/ridesharing\/\",\"name\":\"Ridesharing | Escrita Digital\",\"isPartOf\":{\"@id\":\"https:\/\/www.escritadigital.com\/site\/#website\"},\"primaryImageOfPage\":{\"@id\":\"https:\/\/www.escritadigital.com\/site\/en\/xrp-shared-mobility\/ridesharing\/#primaryimage\"},\"datePublished\":\"2020-03-05T11:20:15+00:00\",\"dateModified\":\"2020-10-08T16:50:23+00:00\",\"breadcrumb\":{\"@id\":\"https:\/\/www.escritadigital.com\/site\/en\/xrp-shared-mobility\/ridesharing\/#breadcrumb\"},\"inLanguage\":\"pt-PT\",\"potentialAction\":[{\"@type\":\"ReadAction\",\"target\":[\"https:\/\/www.escritadigital.com\/site\/en\/xrp-shared-mobility\/ridesharing\/\"]}]},{\"@type\":\"BreadcrumbList\",\"@id\":\"https:\/\/www.escritadigital.com\/site\/en\/xrp-shared-mobility\/ridesharing\/#breadcrumb\",\"itemListElement\":[{\"@type\":\"ListItem\",\"position\":1,\"item\":{\"@type\":\"WebPage\",\"@id\":\"https:\/\/www.escritadigital.com\/site\/\",\"url\":\"https:\/\/www.escritadigital.com\/site\/\",\"name\":\"In\\u00edcio\"}},{\"@type\":\"ListItem\",\"position\":2,\"item\":{\"@type\":\"WebPage\",\"@id\":\"https:\/\/www.escritadigital.com\/site\/xrp-mobilidade\/\",\"url\":\"https:\/\/www.escritadigital.com\/site\/xrp-mobilidade\/\",\"name\":\"XRP Shared Mobility\"}},{\"@type\":\"ListItem\",\"position\":3,\"item\":{\"@type\":\"WebPage\",\"@id\":\"https:\/\/www.escritadigital.com\/site\/xrp-shared-mobility\/ridesharing\/\",\"url\":\"https:\/\/www.escritadigital.com\/site\/xrp-shared-mobility\/ridesharing\/\",\"name\":\"Ridesharing\"}}]}]}<\/script>\n<!-- \/ Yoast SEO plugin. -->","_links":{"self":[{"href":"https:\/\/www.escritadigital.com\/site\/wp-json\/wp\/v2\/pages\/4552"}],"collection":[{"href":"https:\/\/www.escritadigital.com\/site\/wp-json\/wp\/v2\/pages"}],"about":[{"href":"https:\/\/www.escritadigital.com\/site\/wp-json\/wp\/v2\/types\/page"}],"author":[{"embeddable":true,"href":"https:\/\/www.escritadigital.com\/site\/wp-json\/wp\/v2\/users\/1"}],"replies":[{"embeddable":true,"href":"https:\/\/www.escritadigital.com\/site\/wp-json\/wp\/v2\/comments?post=4552"}],"version-history":[{"count":0,"href":"https:\/\/www.escritadigital.com\/site\/wp-json\/wp\/v2\/pages\/4552\/revisions"}],"up":[{"embeddable":true,"href":"https:\/\/www.escritadigital.com\/site\/wp-json\/wp\/v2\/pages\/3710"}],"wp:attachment":[{"href":"https:\/\/www.escritadigital.com\/site\/wp-json\/wp\/v2\/media?parent=4552"}],"curies":[{"name":"wp","href":"https:\/\/api.w.org\/{rel}","templated":true}]}}