{"id":2632,"date":"2020-07-16T08:28:46","date_gmt":"2020-07-16T08:28:46","guid":{"rendered":"https:\/\/www.escritadigital.com\/Escrita\/?page_id=2632"},"modified":"2026-03-27T13:20:50","modified_gmt":"2026-03-27T13:20:50","slug":"arquivo-de-newsletters","status":"publish","type":"page","link":"https:\/\/www.escritadigital.com\/site\/arquivo-de-newsletters\/","title":{"rendered":"Arquivo de Newsletters"},"content":{"rendered":"\t\t<div data-elementor-type=\"wp-post\" data-elementor-id=\"2632\" class=\"elementor elementor-2632\" data-elementor-settings=\"[]\">\n\t\t\t\t\t\t<div class=\"elementor-inner\">\n\t\t\t\t\t\t\t<div class=\"elementor-section-wrap\">\n\t\t\t\t\t\t\t<section class=\"elementor-section elementor-top-section elementor-element elementor-element-f5d04ac elementor-section-stretched elementor-section-full_width elementor-section-height-min-height elementor-section-height-default elementor-section-items-middle\" data-id=\"f5d04ac\" data-element_type=\"section\" data-settings=\"{&quot;stretch_section&quot;:&quot;section-stretched&quot;,&quot;background_background&quot;:&quot;classic&quot;}\">\n\t\t\t\t\t\t\t<div class=\"elementor-background-overlay\"><\/div>\n\t\t\t\t\t\t\t<div class=\"elementor-container elementor-column-gap-default\">\n\t\t\t\t\t\t\t<div class=\"elementor-row\">\n\t\t\t\t\t<div class=\"elementor-column elementor-col-100 elementor-top-column elementor-element elementor-element-0402607\" data-id=\"0402607\" data-element_type=\"column\">\n\t\t\t<div class=\"elementor-column-wrap elementor-element-populated\">\n\t\t\t\t\t\t\t<div class=\"elementor-widget-wrap\">\n\t\t\t\t\t\t<div class=\"elementor-element elementor-element-82607c5 elementor-align-center elementor-widget elementor-widget-raven-heading\" data-id=\"82607c5\" data-element_type=\"widget\" data-widget_type=\"raven-heading.default\">\n\t\t\t\t<div class=\"elementor-widget-container\">\n\t\t\t\t\t<div class=\"raven-widget-wrapper\"><h1 class=\"raven-heading raven-heading-h1\"><span class=\"raven-heading-title\">Newsletters<\/span><\/h1><\/div>\n\t\t\t\t<\/div>\n\t\t\t\t<\/div>\n\t\t\t\t<div class=\"elementor-element elementor-element-ad25fda elementor-align-center elementor-widget elementor-widget-raven-breadcrumbs\" data-id=\"ad25fda\" data-element_type=\"widget\" data-widget_type=\"raven-breadcrumbs.default\">\n\t\t\t\t<div class=\"elementor-widget-container\">\n\t\t\t<div class=\"raven-breadcrumbs raven-breadcrumbs-default\"><ol class=\"breadcrumb\">\t\t\t\t<li class=\"breadcrumb-item active\" aria-current=\"page\"><span>Home<\/span><\/li>\n\n\t\t\t\t<\/ol><\/div>\t\t<\/div>\n\t\t\t\t<\/div>\n\t\t\t\t\t\t<\/div>\n\t\t\t\t\t<\/div>\n\t\t<\/div>\n\t\t\t\t\t\t\t\t<\/div>\n\t\t\t\t\t<\/div>\n\t\t<\/section>\n\t\t\t\t<section class=\"elementor-section elementor-top-section elementor-element elementor-element-6bc1c8d elementor-section-stretched elementor-section-boxed elementor-section-height-default elementor-section-height-default\" data-id=\"6bc1c8d\" data-element_type=\"section\" data-settings=\"{&quot;stretch_section&quot;:&quot;section-stretched&quot;}\">\n\t\t\t\t\t\t<div class=\"elementor-container elementor-column-gap-default\">\n\t\t\t\t\t\t\t<div class=\"elementor-row\">\n\t\t\t\t\t<div class=\"elementor-column elementor-col-100 elementor-top-column elementor-element elementor-element-5aa61b94\" data-id=\"5aa61b94\" data-element_type=\"column\" data-settings=\"{&quot;background_background&quot;:&quot;classic&quot;}\">\n\t\t\t<div class=\"elementor-column-wrap elementor-element-populated\">\n\t\t\t\t\t\t\t<div class=\"elementor-widget-wrap\">\n\t\t\t\t\t\t<div class=\"elementor-element elementor-element-12f217a0 elementor-widget elementor-widget-jet-tabs\" data-id=\"12f217a0\" data-element_type=\"widget\" data-widget_type=\"jet-tabs.default\">\n\t\t\t\t<div class=\"elementor-widget-container\">\n\t\t\t\t\t<div class=\"jet-tabs jet-tabs-position-left jet-tabs-move-up-effect  jet-tabs-position-mobile-top\" data-settings=\"{&quot;activeIndex&quot;:0,&quot;event&quot;:&quot;click&quot;,&quot;autoSwitch&quot;:false,&quot;autoSwitchDelay&quot;:3000,&quot;ajaxTemplate&quot;:false}\" role=\"tablist\">\n\t\t\t<div class=\"jet-tabs__control-wrapper\">\n\t\t\t\t<div id=\"jet-tabs-control-3171\" class=\"jet-tabs__control jet-tabs__control-icon-left elementor-menu-anchor active-tab\" data-tab=\"1\" tabindex=\"3171\" role=\"tab\" aria-controls=\"jet-tabs-content-3171\" aria-expanded=\"true\" data-template-id=\"\"><div class=\"jet-tabs__control-inner\"><div class=\"jet-tabs__label-text\">\u00daltimas newsletters<\/div><\/div><\/div><div id=\"jet-tabs-control-3172\" class=\"jet-tabs__control jet-tabs__control-icon-left elementor-menu-anchor \" data-tab=\"2\" tabindex=\"3172\" role=\"tab\" aria-controls=\"jet-tabs-content-3172\" aria-expanded=\"false\" data-template-id=\"\"><div class=\"jet-tabs__control-inner\"><div class=\"jet-tabs__label-text\">Institucional<\/div><\/div><\/div><div id=\"jet-tabs-control-3173\" class=\"jet-tabs__control jet-tabs__control-icon-left elementor-menu-anchor \" data-tab=\"3\" tabindex=\"3173\" role=\"tab\" aria-controls=\"jet-tabs-content-3173\" aria-expanded=\"false\" data-template-id=\"\"><div class=\"jet-tabs__control-inner\"><div class=\"jet-tabs__label-text\">XRP Frotas<\/div><\/div><\/div><div id=\"jet-tabs-control-3174\" class=\"jet-tabs__control jet-tabs__control-icon-left elementor-menu-anchor \" data-tab=\"4\" tabindex=\"3174\" role=\"tab\" aria-controls=\"jet-tabs-content-3174\" aria-expanded=\"false\" data-template-id=\"\"><div class=\"jet-tabs__control-inner\"><div class=\"jet-tabs__label-text\">XRP Recursos Humanos<\/div><\/div><\/div>\t\t\t<\/div>\n\t\t\t<div class=\"jet-tabs__content-wrapper\">\n\t\t\t\t<div id=\"jet-tabs-content-3171\" class=\"jet-tabs__content active-content\" data-tab=\"1\" role=\"tabpanel\" aria-hidden=\"false\" data-template-id=\"\"><p><a href=\"https:\/\/mailchi.mp\/escritadigital\/xrp-news-setembro-20201221\">Newsletter 3\/2026 \u2013 XRP |News \u2013 Edi\u00e7\u00e3o de mar\u00e7o<\/a><br \/><a href=\"https:\/\/us15.campaign-archive.com\/?u=14af324a89923bd6b7e549be6&amp;id=c358aa4682\" target=\"_blank\" rel=\"noopener\">Newsletter 2\/2026 \u2013 XRP |News \u2013 Edi\u00e7\u00e3o de fevereiro<\/a><br \/><a href=\"https:\/\/us15.campaign-archive.com\/?u=14af324a89923bd6b7e549be6&amp;id=ce5f58b6ca\" target=\"_blank\" rel=\"noopener\">Newsletter 1\/2026 \u2013 XRP |News \u2013 Edi\u00e7\u00e3o de janeiro<\/a><br \/><a href=\"https:\/\/mailchi.mp\/23443836d6a0\/xrp-news-setembro-20200892\" target=\"_blank\" rel=\"noopener\">Newsletter 9\/2025 \u2013 XRP |News \u2013 Edi\u00e7\u00e3o de dezembro<\/a><br \/><a href=\"https:\/\/mailchi.mp\/9d158fdd72aa\/xrp-news-setembro-20200807\" target=\"_blank\" rel=\"noopener\">Newsletter 8\/2025 \u2013 XRP |News \u2013 Edi\u00e7\u00e3o de novembro<\/a><br \/><a href=\"https:\/\/us15.campaign-archive.com\/?u=14af324a89923bd6b7e549be6&amp;id=5fa220880f\" target=\"_blank\" rel=\"noopener\">Newsletter 7\/2025 \u2013 XRP |News \u2013 Edi\u00e7\u00e3o de outubro<\/a><br \/><a href=\"https:\/\/us15.campaign-archive.com\/?u=14af324a89923bd6b7e549be6&amp;id=cb1dba086a\" target=\"_blank\" rel=\"noopener\">Newsletter 6\/2025 \u2013 XRP |News \u2013 Edi\u00e7\u00e3o de setembro<\/a><br \/><a href=\"https:\/\/us15.campaign-archive.com\/?u=14af324a89923bd6b7e549be6&amp;id=da33bc2736\" target=\"_blank\" rel=\"noopener\">Newsletter 5\/2025 \u2013 XRP |News \u2013 Edi\u00e7\u00e3o de agosto<\/a><br \/><a href=\"https:\/\/us15.campaign-archive.com\/?u=14af324a89923bd6b7e549be6&amp;id=d7db54e350\" target=\"_blank\" rel=\"noopener\"> <strong>Newsletter 4\/2025 \u2013 XRP |News \u2013 Edi\u00e7\u00e3o de julho\u00a0<\/strong><\/a><br \/><a href=\"https:\/\/us15.campaign-archive.com\/?u=14af324a89923bd6b7e549be6&amp;id=29e75ccf7a\" target=\"_blank\" rel=\"noopener\"> <strong>Newsletter 3\/2025 \u2013 XRP |News \u2013 Edi\u00e7\u00e3o de junho\u00a0<\/strong><\/a><br \/><a href=\"https:\/\/mailchi.mp\/2a9bde7fd03b\/xrp-news-maio-20200373?e=cbf623a997\" target=\"_blank\" rel=\"noopener\"><strong>Newsletter 2\/2025 \u2013 XRP |News \u2013 Edi\u00e7\u00e3o de maio<\/strong><\/a><br \/><a href=\"https:\/\/us15.campaign-archive.com\/?u=14af324a89923bd6b7e549be6&amp;id=001cfeed61\" target=\"_blank\" rel=\"noopener\">Newsletter 1\/2025 \u2013 XRP |Frotas \u2013 Edi\u00e7\u00e3o de abril (5.10)<\/a><\/p><\/div><div id=\"jet-tabs-content-3172\" class=\"jet-tabs__content \" data-tab=\"2\" role=\"tabpanel\" aria-hidden=\"true\" data-template-id=\"\"><p><a href=\"https:\/\/mailchi.mp\/escritadigital\/xrp-news-setembro-20201221\">Newsletter 3\/2026 \u2013 XRP |News \u2013 Edi\u00e7\u00e3o de mar\u00e7o<\/a><br \/><a href=\"https:\/\/us15.campaign-archive.com\/?u=14af324a89923bd6b7e549be6&amp;id=c358aa4682\" target=\"_blank\" rel=\"noopener\">Newsletter 2\/2026 \u2013 XRP |News \u2013 Edi\u00e7\u00e3o de fevereiro<\/a><br \/><a href=\"https:\/\/us15.campaign-archive.com\/?u=14af324a89923bd6b7e549be6&amp;id=ce5f58b6ca\" target=\"_blank\" rel=\"noopener\">Newsletter 1\/2026 \u2013 XRP |News \u2013 Edi\u00e7\u00e3o de janeiro<\/a><br \/><a href=\"https:\/\/mailchi.mp\/23443836d6a0\/xrp-news-setembro-20200892\" target=\"_blank\" rel=\"noopener\">Newsletter 9\/2025 \u2013 XRP |News \u2013 Edi\u00e7\u00e3o de dezembro<\/a><br \/><a href=\"https:\/\/mailchi.mp\/9d158fdd72aa\/xrp-news-setembro-20200807\" target=\"_blank\" rel=\"noopener\">Newsletter 8\/2025 \u2013 XRP |News \u2013 Edi\u00e7\u00e3o de novembro<\/a><br \/><a href=\"https:\/\/us15.campaign-archive.com\/?u=14af324a89923bd6b7e549be6&amp;id=5fa220880f\" target=\"_blank\" rel=\"noopener\">Newsletter 7\/2025 \u2013 XRP |News \u2013 Edi\u00e7\u00e3o de outubro<\/a><br \/><a href=\"https:\/\/us15.campaign-archive.com\/?u=14af324a89923bd6b7e549be6&amp;id=cb1dba086a\" target=\"_blank\" rel=\"noopener\">Newsletter 6\/2025 \u2013 XRP |News \u2013 Edi\u00e7\u00e3o de setembro<\/a><br \/><a href=\"https:\/\/us15.campaign-archive.com\/?u=14af324a89923bd6b7e549be6&amp;id=da33bc2736\" target=\"_blank\" rel=\"noopener\">Newsletter 5\/2025 \u2013 XRP |News \u2013 Edi\u00e7\u00e3o de agosto<\/a><br \/><a href=\"https:\/\/us15.campaign-archive.com\/?u=14af324a89923bd6b7e549be6&amp;id=d7db54e350\" target=\"_blank\" rel=\"noopener\"><strong>Newsletter 4\/2025 \u2013 XRP |News \u2013 Edi\u00e7\u00e3o de julho<\/strong><\/a><br \/><a href=\"https:\/\/us15.campaign-archive.com\/?u=14af324a89923bd6b7e549be6&amp;id=29e75ccf7a\" target=\"_blank\" rel=\"noopener\"> <strong>Newsletter 3\/2025 \u2013 XRP |News \u2013 Edi\u00e7\u00e3o de junho<\/strong><\/a><br \/><a href=\"https:\/\/mailchi.mp\/2a9bde7fd03b\/xrp-news-maio-20200373?e=cbf623a997\" target=\"_blank\" rel=\"noopener\"><strong>Newsletter 2\/2025 \u2013 XRP |News \u2013 Edi\u00e7\u00e3o de maio<\/strong><\/a><\/p><\/div><div id=\"jet-tabs-content-3173\" class=\"jet-tabs__content \" data-tab=\"3\" role=\"tabpanel\" aria-hidden=\"true\" data-template-id=\"\"><p><a href=\"https:\/\/mailchi.mp\/300bcd14c30c\/xrpfrotas042025-20200806\" target=\"_blank\" rel=\"noopener\">Newsletter 3\/2025 \u2013 XRP |Frotas Nova vers\u00e3o (5.30)<\/a><strong> 26-11-2025<\/strong><br \/><a href=\"https:\/\/mailchi.mp\/3549fee0ad46\/xrpfrotas042025-20200296\" target=\"_blank\" rel=\"noopener\">Newsletter 2\/2025 \u2013 XRP |Frotas Nova vers\u00e3o (5.20)<\/a><strong> 09-07-2025<\/strong><br \/><a href=\"https:\/\/us15.campaign-archive.com\/?u=14af324a89923bd6b7e549be6&amp;id=001cfeed61\" target=\"_blank\" rel=\"noopener\">Newsletter 1\/2025 \u2013 XRP |Frotas \u2013 Edi\u00e7\u00e3o de abril (5.10)<\/a><strong> 29-04-2025<\/strong><br \/><a href=\"https:\/\/www.escritadigital.pt\/edicoes\/escritadigital\/newsletters\/newsletter_20241204.htm\" target=\"_blank\" rel=\"noopener\"> Newsletter 1\/2024 \u2013 XRP |Frotas \u2013 Nova vers\u00e3o (5.00) <\/a><strong>04-12-2024<\/strong><br \/><a href=\"https:\/\/www.escritadigital.pt\/edicoes\/escritadigital\/newsletters\/newsletter_20231229.htm\" target=\"_blank\" rel=\"noopener\"> Newsletter 1\/2023 \u2013 Webinar &#8211; XRP |Frotas, webinar e resumo de 2023 <\/a><strong>29-11-2023<\/strong><br \/><a href=\"https:\/\/www.escritadigital.pt\/edicoes\/escritadigital\/newsletters\/newsletter_20221123.htm\" target=\"_blank\" rel=\"noopener\"> Newsletter 3\/2022 \u2013 XRP |Frotas \u2013 Nova vers\u00e3o (4.50) &#8211; Novidades e Webinar <\/a><strong>23-11-2022<\/strong><br \/><a href=\"http:\/\/www.escritadigital.pt\/edicoes\/escritadigital\/newsletters\/newsletter_20220526.htm\" target=\"_blank\" rel=\"noopener\"> Newsletter 2\/2022 \u2013 XRP |Frotas \u2013 Nova vers\u00e3o (4.30) <\/a> <strong>26-05-2022<\/strong><br \/><a href=\"http:\/\/www.escritadigital.pt\/edicoes\/escritadigital\/newsletters\/newsletter_20220126.htm\" target=\"_blank\" rel=\"noopener\"> Newsletter 1\/2022 \u2013 XRP | Frotas \u2013 Nova vers\u00e3o (4.20)<\/a> <strong>26-01-2022<\/strong><br \/><a href=\"http:\/\/www.escritadigital.pt\/edicoes\/escritadigital\/newsletters\/newsletter_20211007.htm\" target=\"_blank\" rel=\"noopener\"> Newsletter 3\/2021 \u2013 XRP |Frotas &#8211; Nova vers\u00e3o (4.00)<\/a> <strong>07-10-2021<\/strong><br \/><a href=\"http:\/\/www.escritadigital.pt\/edicoes\/escritadigital\/newsletters\/newsletter_20210715.html\" target=\"_blank\" rel=\"noopener\"> Newsletter 2\/2021 \u2013 XRP |Frotas &#8211; Nova vers\u00e3o (3.95)<\/a> <strong>15-07-2021<\/strong><br \/><a href=\"http:\/\/www.escritadigital.pt\/edicoes\/escritadigital\/newsletters\/newsletter_20210324.htm\" target=\"_blank\" rel=\"noopener\"> Newsletter 1\/2021 \u2013 XRP |Frotas \u2013 Nova vers\u00e3o (3.82)<\/a> <strong>24-03-2021<\/strong><br \/><a href=\"http:\/\/www.escritadigital.pt\/edicoes\/escritadigital\/newsletters\/newsletter_20200910.htm\" target=\"_blank\" rel=\"noopener\"> Newsletter 4\/2020 &#8211; XRP |Frotas \u2013 Nova vers\u00e3o (3.81)<\/a> <strong>10-09-2020<\/strong><br \/><a href=\"http:\/\/www.escritadigital.pt\/edicoes\/escritadigital\/newsletters\/newsletter_20200709.htm\" target=\"_blank\" rel=\"noopener\">Newsletter 3\/2020 &#8211; XRP |Frotas \u2013 novas vers\u00f5es j\u00e1 em distribui\u00e7\u00e3o<\/a> <strong>09-07-2020<\/strong><br \/><a href=\"http:\/\/www.escritadigital.pt\/edicoes\/escritadigital\/newsletters\/newsletter_20200430.htm\" target=\"_blank\" rel=\"noopener\">Newsletter 2\/2020 &#8211; XRP |Pool \u2013 Desloca\u00e7\u00f5es em tempos de COVID<\/a> <strong>30-04-2020<\/strong><br \/><a href=\"http:\/\/www.escritadigital.pt\/edicoes\/escritadigital\/newsletters\/newsletter_20200305.htm\" target=\"_blank\" rel=\"noopener\">Newsletter 1\/2020 &#8211; XRP |Frotas \u2013 Nova vers\u00e3o (3.79)<\/a> <strong>05-03-2020<\/strong><br \/><a href=\"http:\/\/www.escritadigital.pt\/edicoes\/escritadigital\/newsletters\/newsletter_20191126.htm\" target=\"_blank\" rel=\"noopener\">Newsletter 3\/2019 &#8211; XRP |Frotas \u2013 Nova vers\u00e3o (3.78)<\/a> <strong>26-11-2019<\/strong><br \/><a href=\"http:\/\/www.escritadigital.pt\/edicoes\/escritadigital\/newsletters\/newsletter_20191009.htm\" target=\"_blank\" rel=\"noopener\">Newsletter 2\/2019 &#8211; XRP |Frotas \u2013 Nova vers\u00e3o (3.76)<\/a> <strong>09-10-2019<\/strong><br \/><a href=\"http:\/\/www.escritadigital.pt\/edicoes\/escritadigital\/newsletters\/newsletter_20190515.htm\" target=\"_blank\" rel=\"noopener\">Newsletter 1\/2019 &#8211; XRP |Frotas \u2013 Not\u00edcias, novas funcionalidades e novas vers\u00f5es<\/a> <strong>15-05-2019<\/strong><br \/><a href=\"http:\/\/www.escritadigital.pt\/edicoes\/escritadigital\/newsletters\/newsletter_20181206.htm\" target=\"_blank\" rel=\"noopener\">Newsletter 3\/2018 &#8211; XRP |Frotas \u2013 Novas vers\u00f5es e vamos \u00e0 boleia<\/a> <strong>06-12-2018<\/strong><br \/><a href=\"http:\/\/www.escritadigital.pt\/edicoes\/escritadigital\/newsletters\/newsletter_20181107.htm\" target=\"_blank\" rel=\"noopener\">Newsletter 2\/2018 &#8211; XRP e IFRS 16 &#8211; O que estamos a fazer<\/a> <strong>07-11-2018<\/strong><br \/><a href=\"http:\/\/www.escritadigital.pt\/edicoes\/escritadigital\/newsletters\/newsletter_20180502.htm\" target=\"_blank\" rel=\"noopener\">Newsletter 1\/2018 &#8211; XRP |Frotas \u2013 novas vers\u00f5es<\/a> <strong>02-05-2018<\/strong><br \/><a href=\"http:\/\/www.escritadigital.pt\/edicoes\/escritadigital\/newsletters\/newsletter_20170608.htm\" target=\"_blank\" rel=\"noopener\">Newsletter 2\/2017 &#8211; Novas vers\u00f5es<\/a> <strong>08-06-2017<\/strong><br \/><a href=\"http:\/\/www.escritadigital.pt\/edicoes\/escritadigital\/newsletters\/newsletter_20170405.htm\">Newsletter 1\/2017 &#8211; Novas vers\u00f5es<\/a> <strong>05-04-2017<\/strong><\/p><\/div><div id=\"jet-tabs-content-3174\" class=\"jet-tabs__content \" data-tab=\"4\" role=\"tabpanel\" aria-hidden=\"true\" data-template-id=\"\"><p><a href=\"https:\/\/www.escritadigital.pt\/edicoes\/escritadigital\/newsletters\/newsletter_20220622.htm\" target=\"_blank\" rel=\"noopener\"> Newsletter 1\/2022 \u2013 XRP |RH &#8211; novas vers\u00f5es e resumo do 1\u00ba semestre<\/a><br \/><a href=\"http:\/\/www.escritadigital.pt\/edicoes\/escritadigital\/newsletters\/newsletter_20211014.htm\" target=\"_blank\" rel=\"noopener\">Newsletter 2\/2021 \u2013 XRP |RH \u2013 novas vers\u00f5es (4.50)<\/a><br \/><a href=\"http:\/\/www.escritadigital.pt\/edicoes\/escritadigital\/newsletters\/newsletter_20210505.html\" target=\"_blank\" rel=\"noopener\">Newsletter 1\/2021 &#8211; XRP | RH &#8211; novas vers\u00f5es (3.50) &#8211; m\u00f3dulos administrativos<\/a>\u00a0<br \/><a href=\"http:\/\/www.escritadigital.pt\/edicoes\/escritadigital\/newsletters\/newsletter_20200603.htm\" target=\"_blank\" rel=\"noopener\">Newsletter 2\/2020 &#8211; XRP | RH \u2013 Novas vers\u00f5es para os tempos que correm<\/a><br \/><a href=\"http:\/\/www.escritadigital.pt\/edicoes\/escritadigital\/newsletters\/newsletter_20200402.htm\" target=\"_blank\" rel=\"noopener\">Newsletter 1\/2020 &#8211; XRP | RH \u2013 Funcionalidades para trabalho em casa<\/a><br \/><a href=\"http:\/\/www.escritadigital.pt\/edicoes\/escritadigital\/newsletters\/newsletter_20190703.htm\" target=\"_blank\" rel=\"noopener\">Newsletter 1\/2019 &#8211; XRP | RH \u2013 Novas vers\u00f5es e novas funcionalidades<\/a><br \/><a href=\"http:\/\/www.escritadigital.pt\/edicoes\/escritadigital\/newsletters\/newsletter_20181129.htm\" target=\"_blank\" rel=\"noopener\">Newsletter 1\/2018 &#8211; XRP | RH \u2013 Novas vers\u00f5es e novas funcionalidades<\/a><br \/><a href=\"http:\/\/www.escritadigital.pt\/edicoes\/escritadigital\/newsletters\/newsletter_20171103.htm\" target=\"_blank\" rel=\"noopener\">Newsletter 2\/2017 &#8211; XRP | Gest\u00e3o da Forma\u00e7\u00e3o: vers\u00e3o 3.62<\/a><br \/><a href=\"http:\/\/www.escritadigital.pt\/edicoes\/escritadigital\/newsletters\/newsletter_20170517.htm\" target=\"_blank\" rel=\"noopener\">Newsletter 1\/2017 &#8211; Not\u00edcias<\/a><\/p><\/div>\t\t\t<\/div>\n\t\t<\/div>\n\t\t\t\t<\/div>\n\t\t\t\t<\/div>\n\t\t\t\t\t\t<\/div>\n\t\t\t\t\t<\/div>\n\t\t<\/div>\n\t\t\t\t\t\t\t\t<\/div>\n\t\t\t\t\t<\/div>\n\t\t<\/section>\n\t\t\t\t\t\t<\/div>\n\t\t\t\t\t\t<\/div>\n\t\t\t\t\t<\/div>\n\t\t","protected":false},"excerpt":{"rendered":"<p>Newsletters Home \u00daltimas newslettersInstitucionalXRP FrotasXRP Recursos Humanos Newsletter 3\/2026 \u2013 XRP |News \u2013 Edi\u00e7\u00e3o de mar\u00e7oNewsletter 2\/2026 \u2013 XRP |News \u2013 Edi\u00e7\u00e3o de fevereiroNewsletter 1\/2026 \u2013 XRP |News \u2013 Edi\u00e7\u00e3o de janeiroNewsletter 9\/2025 \u2013 XRP |News \u2013 Edi\u00e7\u00e3o de dezembroNewsletter 8\/2025 \u2013 XRP |News \u2013 Edi\u00e7\u00e3o de novembroNewsletter 7\/2025 \u2013 XRP |News \u2013 Edi\u00e7\u00e3o de [&hellip;]<\/p>\n","protected":false},"author":1,"featured_media":1665,"parent":0,"menu_order":2,"comment_status":"closed","ping_status":"closed","template":"elementor_header_footer","meta":[],"yoast_head":"<!-- This site is optimized with the Yoast SEO plugin v15.1.1 - https:\/\/yoast.com\/wordpress\/plugins\/seo\/ -->\n<title>Arquivo de Newsletters | Escrita Digital<\/title>\n<meta name=\"robots\" content=\"index, follow, max-snippet:-1, max-image-preview:large, max-video-preview:-1\" \/>\n<link rel=\"canonical\" href=\"https:\/\/www.escritadigital.com\/site\/arquivo-de-newsletters\/\" \/>\n<meta property=\"og:locale\" content=\"pt_PT\" \/>\n<meta property=\"og:type\" content=\"article\" \/>\n<meta property=\"og:title\" content=\"Arquivo de Newsletters | Escrita Digital\" \/>\n<meta property=\"og:description\" content=\"Newsletters Home \u00daltimas newslettersInstitucionalXRP FrotasXRP Recursos Humanos Newsletter 3\/2026 \u2013 XRP |News \u2013 Edi\u00e7\u00e3o de mar\u00e7oNewsletter 2\/2026 \u2013 XRP |News \u2013 Edi\u00e7\u00e3o de fevereiroNewsletter 1\/2026 \u2013 XRP |News \u2013 Edi\u00e7\u00e3o de janeiroNewsletter 9\/2025 \u2013 XRP |News \u2013 Edi\u00e7\u00e3o de dezembroNewsletter 8\/2025 \u2013 XRP |News \u2013 Edi\u00e7\u00e3o de novembroNewsletter 7\/2025 \u2013 XRP |News \u2013 Edi\u00e7\u00e3o de [&hellip;]\" \/>\n<meta property=\"og:url\" content=\"https:\/\/www.escritadigital.com\/site\/arquivo-de-newsletters\/\" \/>\n<meta property=\"og:site_name\" content=\"Escrita Digital\" \/>\n<meta property=\"article:modified_time\" content=\"2026-03-27T13:20:50+00:00\" \/>\n<meta property=\"og:image\" content=\"https:\/\/www.escritadigital.com\/Escrita\/wp-content\/uploads\/2020\/03\/escrita_digital_quem_somos.jpg\" \/>\n\t<meta property=\"og:image:width\" content=\"1920\" \/>\n\t<meta property=\"og:image:height\" content=\"1280\" \/>\n<meta name=\"twitter:card\" content=\"summary_large_image\" \/>\n<script type=\"application\/ld+json\" class=\"yoast-schema-graph\">{\"@context\":\"https:\/\/schema.org\",\"@graph\":[{\"@type\":\"Organization\",\"@id\":\"https:\/\/www.escritadigital.com\/site\/#organization\",\"name\":\"Escrita Digital\",\"url\":\"https:\/\/www.escritadigital.com\/site\/\",\"sameAs\":[],\"logo\":{\"@type\":\"ImageObject\",\"@id\":\"https:\/\/www.escritadigital.com\/site\/#logo\",\"inLanguage\":\"pt-PT\",\"url\":\"https:\/\/www.escritadigital.com\/Escrita\/wp-content\/uploads\/2020\/01\/escrita_digital_logo.svg\",\"width\":200,\"height\":55,\"caption\":\"Escrita Digital\"},\"image\":{\"@id\":\"https:\/\/www.escritadigital.com\/site\/#logo\"}},{\"@type\":\"WebSite\",\"@id\":\"https:\/\/www.escritadigital.com\/site\/#website\",\"url\":\"https:\/\/www.escritadigital.com\/site\/\",\"name\":\"Escrita Digital\",\"description\":\"Aplica\\u00e7\\u00f5es de Gest\\u00e3o\",\"publisher\":{\"@id\":\"https:\/\/www.escritadigital.com\/site\/#organization\"},\"potentialAction\":[{\"@type\":\"SearchAction\",\"target\":\"https:\/\/www.escritadigital.com\/site\/?s={search_term_string}\",\"query-input\":\"required name=search_term_string\"}],\"inLanguage\":\"pt-PT\"},{\"@type\":\"ImageObject\",\"@id\":\"https:\/\/www.escritadigital.com\/site\/arquivo-de-newsletters\/#primaryimage\",\"inLanguage\":\"pt-PT\",\"url\":\"https:\/\/www.escritadigital.com\/Escrita\/wp-content\/uploads\/2020\/03\/escrita_digital_quem_somos.jpg\",\"width\":1920,\"height\":1280},{\"@type\":\"WebPage\",\"@id\":\"https:\/\/www.escritadigital.com\/site\/arquivo-de-newsletters\/#webpage\",\"url\":\"https:\/\/www.escritadigital.com\/site\/arquivo-de-newsletters\/\",\"name\":\"Arquivo de Newsletters | Escrita Digital\",\"isPartOf\":{\"@id\":\"https:\/\/www.escritadigital.com\/site\/#website\"},\"primaryImageOfPage\":{\"@id\":\"https:\/\/www.escritadigital.com\/site\/arquivo-de-newsletters\/#primaryimage\"},\"datePublished\":\"2020-07-16T08:28:46+00:00\",\"dateModified\":\"2026-03-27T13:20:50+00:00\",\"breadcrumb\":{\"@id\":\"https:\/\/www.escritadigital.com\/site\/arquivo-de-newsletters\/#breadcrumb\"},\"inLanguage\":\"pt-PT\",\"potentialAction\":[{\"@type\":\"ReadAction\",\"target\":[\"https:\/\/www.escritadigital.com\/site\/arquivo-de-newsletters\/\"]}]},{\"@type\":\"BreadcrumbList\",\"@id\":\"https:\/\/www.escritadigital.com\/site\/arquivo-de-newsletters\/#breadcrumb\",\"itemListElement\":[{\"@type\":\"ListItem\",\"position\":1,\"item\":{\"@type\":\"WebPage\",\"@id\":\"https:\/\/www.escritadigital.com\/site\/\",\"url\":\"https:\/\/www.escritadigital.com\/site\/\",\"name\":\"In\\u00edcio\"}},{\"@type\":\"ListItem\",\"position\":2,\"item\":{\"@type\":\"WebPage\",\"@id\":\"https:\/\/www.escritadigital.com\/site\/arquivo-de-newsletters\/\",\"url\":\"https:\/\/www.escritadigital.com\/site\/arquivo-de-newsletters\/\",\"name\":\"Arquivo de Newsletters\"}}]}]}<\/script>\n<!-- \/ Yoast SEO plugin. -->","_links":{"self":[{"href":"https:\/\/www.escritadigital.com\/site\/wp-json\/wp\/v2\/pages\/2632"}],"collection":[{"href":"https:\/\/www.escritadigital.com\/site\/wp-json\/wp\/v2\/pages"}],"about":[{"href":"https:\/\/www.escritadigital.com\/site\/wp-json\/wp\/v2\/types\/page"}],"author":[{"embeddable":true,"href":"https:\/\/www.escritadigital.com\/site\/wp-json\/wp\/v2\/users\/1"}],"replies":[{"embeddable":true,"href":"https:\/\/www.escritadigital.com\/site\/wp-json\/wp\/v2\/comments?post=2632"}],"version-history":[{"count":97,"href":"https:\/\/www.escritadigital.com\/site\/wp-json\/wp\/v2\/pages\/2632\/revisions"}],"predecessor-version":[{"id":8327,"href":"https:\/\/www.escritadigital.com\/site\/wp-json\/wp\/v2\/pages\/2632\/revisions\/8327"}],"wp:featuredmedia":[{"embeddable":true,"href":"https:\/\/www.escritadigital.com\/site\/wp-json\/wp\/v2\/media\/1665"}],"wp:attachment":[{"href":"https:\/\/www.escritadigital.com\/site\/wp-json\/wp\/v2\/media?parent=2632"}],"curies":[{"name":"wp","href":"https:\/\/api.w.org\/{rel}","templated":true}]}}