{"id":1387,"date":"2020-03-05T11:07:16","date_gmt":"2020-03-05T11:07:16","guid":{"rendered":"https:\/\/www.escritadigital.com\/Escrita\/?page_id=1387"},"modified":"2024-11-22T17:02:13","modified_gmt":"2024-11-22T17:02:13","slug":"gestao-de-oficina","status":"publish","type":"page","link":"https:\/\/www.escritadigital.com\/site\/xrp-frotas\/gestao-de-oficina\/","title":{"rendered":"Gest\u00e3o de Oficina"},"content":{"rendered":"\t\t<div data-elementor-type=\"wp-page\" data-elementor-id=\"1387\" class=\"elementor elementor-1387\" data-elementor-settings=\"[]\">\n\t\t\t\t\t\t<div class=\"elementor-inner\">\n\t\t\t\t\t\t\t<div class=\"elementor-section-wrap\">\n\t\t\t\t\t\t\t<section class=\"elementor-section elementor-top-section elementor-element elementor-element-561dad5 elementor-section-stretched elementor-section-full_width elementor-section-height-min-height elementor-section-height-default elementor-section-items-middle\" data-id=\"561dad5\" data-element_type=\"section\" data-settings=\"{&quot;stretch_section&quot;:&quot;section-stretched&quot;,&quot;background_background&quot;:&quot;classic&quot;}\">\n\t\t\t\t\t\t\t<div class=\"elementor-background-overlay\"><\/div>\n\t\t\t\t\t\t\t<div class=\"elementor-container elementor-column-gap-default\">\n\t\t\t\t\t\t\t<div class=\"elementor-row\">\n\t\t\t\t\t<div class=\"elementor-column elementor-col-100 elementor-top-column elementor-element elementor-element-2bc983b\" data-id=\"2bc983b\" data-element_type=\"column\">\n\t\t\t<div class=\"elementor-column-wrap elementor-element-populated\">\n\t\t\t\t\t\t\t<div class=\"elementor-widget-wrap\">\n\t\t\t\t\t\t<div class=\"elementor-element elementor-element-479df55 elementor-align-center elementor-widget elementor-widget-raven-heading\" data-id=\"479df55\" data-element_type=\"widget\" data-widget_type=\"raven-heading.default\">\n\t\t\t\t<div class=\"elementor-widget-container\">\n\t\t\t\t\t<div class=\"raven-widget-wrapper\"><h2 class=\"raven-heading raven-heading-h2\"><span class=\"raven-heading-title\">Gest\u00e3o de Oficina<\/span><\/h2><\/div>\n\t\t\t\t<\/div>\n\t\t\t\t<\/div>\n\t\t\t\t<div class=\"elementor-element elementor-element-04d3d46 elementor-align-center elementor-widget elementor-widget-raven-breadcrumbs\" data-id=\"04d3d46\" data-element_type=\"widget\" data-widget_type=\"raven-breadcrumbs.default\">\n\t\t\t\t<div class=\"elementor-widget-container\">\n\t\t\t<div class=\"raven-breadcrumbs raven-breadcrumbs-default\"><ol class=\"breadcrumb\">\t\t\t\t<li class=\"breadcrumb-item active\" aria-current=\"page\"><span>Home<\/span><\/li>\n\n\t\t\t\t<\/ol><\/div>\t\t<\/div>\n\t\t\t\t<\/div>\n\t\t\t\t\t\t<\/div>\n\t\t\t\t\t<\/div>\n\t\t<\/div>\n\t\t\t\t\t\t\t\t<\/div>\n\t\t\t\t\t<\/div>\n\t\t<\/section>\n\t\t\t\t<section class=\"elementor-section elementor-top-section elementor-element elementor-element-1edb1e2 elementor-section-content-middle elementor-section-stretched elementor-section-boxed elementor-section-height-default elementor-section-height-default\" data-id=\"1edb1e2\" data-element_type=\"section\" data-settings=\"{&quot;stretch_section&quot;:&quot;section-stretched&quot;}\">\n\t\t\t\t\t\t<div class=\"elementor-container elementor-column-gap-default\">\n\t\t\t\t\t\t\t<div class=\"elementor-row\">\n\t\t\t\t\t<div class=\"elementor-column elementor-col-100 elementor-top-column elementor-element elementor-element-8ee1a1e\" data-id=\"8ee1a1e\" data-element_type=\"column\" data-settings=\"{&quot;background_background&quot;:&quot;classic&quot;}\">\n\t\t\t<div class=\"elementor-column-wrap elementor-element-populated\">\n\t\t\t\t\t\t\t<div class=\"elementor-widget-wrap\">\n\t\t\t\t\t\t<div class=\"elementor-element elementor-element-056d835 elementor-widget elementor-widget-text-editor\" data-id=\"056d835\" data-element_type=\"widget\" data-widget_type=\"text-editor.default\">\n\t\t\t\t<div class=\"elementor-widget-container\">\n\t\t\t\t\t<div class=\"elementor-text-editor elementor-clearfix\"><p>Esta aplica\u00e7\u00e3o est\u00e1 vocacionada para a gest\u00e3o de oficinas internas. Permite ter uma folha de obra, com registo de pe\u00e7as, consum\u00edveis e m\u00e3o-de-obra. Integra com a aplica\u00e7\u00e3o para gest\u00e3o de frota para receber alertas de inspe\u00e7\u00f5es e manuten\u00e7\u00e3o. Permite a emiss\u00e3o de requisi\u00e7\u00f5es ao exterior dentro da obra.<\/p><\/div>\n\t\t\t\t<\/div>\n\t\t\t\t<\/div>\n\t\t\t\t\t\t<\/div>\n\t\t\t\t\t<\/div>\n\t\t<\/div>\n\t\t\t\t\t\t\t\t<\/div>\n\t\t\t\t\t<\/div>\n\t\t<\/section>\n\t\t\t\t<section class=\"elementor-section elementor-top-section elementor-element elementor-element-756e0fa elementor-section-stretched elementor-section-boxed elementor-section-height-default elementor-section-height-default\" data-id=\"756e0fa\" data-element_type=\"section\" data-settings=\"{&quot;stretch_section&quot;:&quot;section-stretched&quot;}\">\n\t\t\t\t\t\t<div class=\"elementor-container elementor-column-gap-default\">\n\t\t\t\t\t\t\t<div class=\"elementor-row\">\n\t\t\t\t\t<div class=\"elementor-column elementor-col-100 elementor-top-column elementor-element elementor-element-715845b\" data-id=\"715845b\" data-element_type=\"column\" data-settings=\"{&quot;background_background&quot;:&quot;classic&quot;}\">\n\t\t\t<div class=\"elementor-column-wrap elementor-element-populated\">\n\t\t\t\t\t\t\t<div class=\"elementor-widget-wrap\">\n\t\t\t\t\t\t<div class=\"elementor-element elementor-element-4197cbb elementor-widget elementor-widget-jet-tabs\" data-id=\"4197cbb\" data-element_type=\"widget\" data-widget_type=\"jet-tabs.default\">\n\t\t\t\t<div class=\"elementor-widget-container\">\n\t\t\t\t\t<div class=\"jet-tabs jet-tabs-position-left jet-tabs-move-up-effect  jet-tabs-position-mobile-top\" data-settings=\"{&quot;activeIndex&quot;:0,&quot;event&quot;:&quot;click&quot;,&quot;autoSwitch&quot;:false,&quot;autoSwitchDelay&quot;:3000,&quot;ajaxTemplate&quot;:false}\" role=\"tablist\">\n\t\t\t<div class=\"jet-tabs__control-wrapper\">\n\t\t\t\t<div id=\"jet-tabs-control-6871\" class=\"jet-tabs__control jet-tabs__control-icon-left elementor-menu-anchor active-tab\" data-tab=\"1\" tabindex=\"6871\" role=\"tab\" aria-controls=\"jet-tabs-content-6871\" aria-expanded=\"true\" data-template-id=\"1389\"><div class=\"jet-tabs__control-inner\"><div class=\"jet-tabs__label-text\">Principais funcionalidades<\/div><\/div><\/div>\t\t\t<\/div>\n\t\t\t<div class=\"jet-tabs__content-wrapper\">\n\t\t\t\t<div id=\"jet-tabs-content-6871\" class=\"jet-tabs__content active-content\" data-tab=\"1\" role=\"tabpanel\" aria-hidden=\"false\" data-template-id=\"1389\">\t\t<div data-elementor-type=\"page\" data-elementor-id=\"1389\" class=\"elementor elementor-1389\" data-elementor-settings=\"[]\">\n\t\t\t\t\t\t<div class=\"elementor-inner\">\n\t\t\t\t\t\t\t<div class=\"elementor-section-wrap\">\n\t\t\t\t\t\t\t<section class=\"elementor-section elementor-top-section elementor-element elementor-element-e648ef8 elementor-section-boxed elementor-section-height-default elementor-section-height-default\" data-id=\"e648ef8\" data-element_type=\"section\">\n\t\t\t\t\t\t<div class=\"elementor-container elementor-column-gap-default\">\n\t\t\t\t\t\t\t<div class=\"elementor-row\">\n\t\t\t\t\t<div class=\"elementor-column elementor-col-100 elementor-top-column elementor-element elementor-element-1fc0c07\" data-id=\"1fc0c07\" data-element_type=\"column\">\n\t\t\t<div class=\"elementor-column-wrap elementor-element-populated\">\n\t\t\t\t\t\t\t<div class=\"elementor-widget-wrap\">\n\t\t\t\t\t\t<div class=\"elementor-element elementor-element-dd43c20 elementor-align-left elementor-icon-list--layout-traditional elementor-list-item-link-full_width elementor-widget elementor-widget-icon-list\" data-id=\"dd43c20\" data-element_type=\"widget\" data-widget_type=\"icon-list.default\">\n\t\t\t\t<div class=\"elementor-widget-container\">\n\t\t\t\t\t<ul class=\"elementor-icon-list-items\">\n\t\t\t\t\t\t\t<li class=\"elementor-icon-list-item\">\n\t\t\t\t\t\t\t\t\t\t\t<span class=\"elementor-icon-list-icon\">\n\t\t\t\t\t\t\t<i aria-hidden=\"true\" class=\"fas fa-check\"><\/i>\t\t\t\t\t\t<\/span>\n\t\t\t\t\t\t\t\t\t\t<span class=\"elementor-icon-list-text\">Gest\u00e3o da obra com Workflow de estados;<\/span>\n\t\t\t\t\t\t\t\t\t<\/li>\n\t\t\t\t\t\t\t\t<li class=\"elementor-icon-list-item\">\n\t\t\t\t\t\t\t\t\t\t\t<span class=\"elementor-icon-list-icon\">\n\t\t\t\t\t\t\t<i aria-hidden=\"true\" class=\"fas fa-check\"><\/i>\t\t\t\t\t\t<\/span>\n\t\t\t\t\t\t\t\t\t\t<span class=\"elementor-icon-list-text\">Classifica\u00e7\u00f5es das obras por tipologia e grau de urg\u00eancia;<\/span>\n\t\t\t\t\t\t\t\t\t<\/li>\n\t\t\t\t\t\t\t\t<li class=\"elementor-icon-list-item\">\n\t\t\t\t\t\t\t\t\t\t\t<span class=\"elementor-icon-list-icon\">\n\t\t\t\t\t\t\t<i aria-hidden=\"true\" class=\"fas fa-check\"><\/i>\t\t\t\t\t\t<\/span>\n\t\t\t\t\t\t\t\t\t\t<span class=\"elementor-icon-list-text\">Integra\u00e7\u00e3o com o m\u00f3dulo de manuten\u00e7\u00e3o detalhada para rece\u00e7\u00e3o de alertas de manuten\u00e7\u00e3o;<\/span>\n\t\t\t\t\t\t\t\t\t<\/li>\n\t\t\t\t\t\t\t\t<li class=\"elementor-icon-list-item\">\n\t\t\t\t\t\t\t\t\t\t\t<span class=\"elementor-icon-list-icon\">\n\t\t\t\t\t\t\t<i aria-hidden=\"true\" class=\"fas fa-check\"><\/i>\t\t\t\t\t\t<\/span>\n\t\t\t\t\t\t\t\t\t\t<span class=\"elementor-icon-list-text\">Gest\u00e3o de pneus, ADR, ATP, DL 50\/2005, IPO;<\/span>\n\t\t\t\t\t\t\t\t\t<\/li>\n\t\t\t\t\t\t\t\t<li class=\"elementor-icon-list-item\">\n\t\t\t\t\t\t\t\t\t\t\t<span class=\"elementor-icon-list-icon\">\n\t\t\t\t\t\t\t<i aria-hidden=\"true\" class=\"fas fa-check\"><\/i>\t\t\t\t\t\t<\/span>\n\t\t\t\t\t\t\t\t\t\t<span class=\"elementor-icon-list-text\">Folha de obra com imputa\u00e7\u00e3o de m\u00e3o-de-obra, consum\u00edveis e pe\u00e7as;<\/span>\n\t\t\t\t\t\t\t\t\t<\/li>\n\t\t\t\t\t\t\t\t<li class=\"elementor-icon-list-item\">\n\t\t\t\t\t\t\t\t\t\t\t<span class=\"elementor-icon-list-icon\">\n\t\t\t\t\t\t\t<i aria-hidden=\"true\" class=\"fas fa-check\"><\/i>\t\t\t\t\t\t<\/span>\n\t\t\t\t\t\t\t\t\t\t<span class=\"elementor-icon-list-text\">Registo do hist\u00f3rico do ve\u00edculo;<\/span>\n\t\t\t\t\t\t\t\t\t<\/li>\n\t\t\t\t\t\t\t\t<li class=\"elementor-icon-list-item\">\n\t\t\t\t\t\t\t\t\t\t\t<span class=\"elementor-icon-list-icon\">\n\t\t\t\t\t\t\t<i aria-hidden=\"true\" class=\"fas fa-check\"><\/i>\t\t\t\t\t\t<\/span>\n\t\t\t\t\t\t\t\t\t\t<span class=\"elementor-icon-list-text\">Possibilidade de organizar a oficina por sec\u00e7\u00f5es;<\/span>\n\t\t\t\t\t\t\t\t\t<\/li>\n\t\t\t\t\t\t\t\t<li class=\"elementor-icon-list-item\">\n\t\t\t\t\t\t\t\t\t\t\t<span class=\"elementor-icon-list-icon\">\n\t\t\t\t\t\t\t<i aria-hidden=\"true\" class=\"fas fa-check\"><\/i>\t\t\t\t\t\t<\/span>\n\t\t\t\t\t\t\t\t\t\t<span class=\"elementor-icon-list-text\">Gest\u00e3o de tempos de trabalho e horas extra;<\/span>\n\t\t\t\t\t\t\t\t\t<\/li>\n\t\t\t\t\t\t\t\t<li class=\"elementor-icon-list-item\">\n\t\t\t\t\t\t\t\t\t\t\t<span class=\"elementor-icon-list-icon\">\n\t\t\t\t\t\t\t<i aria-hidden=\"true\" class=\"fas fa-check\"><\/i>\t\t\t\t\t\t<\/span>\n\t\t\t\t\t\t\t\t\t\t<span class=\"elementor-icon-list-text\">Gest\u00e3o de encomendas e contratos de fornecimento;<\/span>\n\t\t\t\t\t\t\t\t\t<\/li>\n\t\t\t\t\t\t\t\t<li class=\"elementor-icon-list-item\">\n\t\t\t\t\t\t\t\t\t\t\t<span class=\"elementor-icon-list-icon\">\n\t\t\t\t\t\t\t<i aria-hidden=\"true\" class=\"fas fa-check\"><\/i>\t\t\t\t\t\t<\/span>\n\t\t\t\t\t\t\t\t\t\t<span class=\"elementor-icon-list-text\">Possibilidade de requisi\u00e7\u00f5es ao exterior;<\/span>\n\t\t\t\t\t\t\t\t\t<\/li>\n\t\t\t\t\t\t\t\t<li class=\"elementor-icon-list-item\">\n\t\t\t\t\t\t\t\t\t\t\t<span class=\"elementor-icon-list-icon\">\n\t\t\t\t\t\t\t<i aria-hidden=\"true\" class=\"fas fa-check\"><\/i>\t\t\t\t\t\t<\/span>\n\t\t\t\t\t\t\t\t\t\t<span class=\"elementor-icon-list-text\">Dashboard para acompanhamento da gest\u00e3o di\u00e1ria;<\/span>\n\t\t\t\t\t\t\t\t\t<\/li>\n\t\t\t\t\t\t\t\t<li class=\"elementor-icon-list-item\">\n\t\t\t\t\t\t\t\t\t\t\t<span class=\"elementor-icon-list-icon\">\n\t\t\t\t\t\t\t<i aria-hidden=\"true\" class=\"fas fa-check\"><\/i>\t\t\t\t\t\t<\/span>\n\t\t\t\t\t\t\t\t\t\t<span class=\"elementor-icon-list-text\">Relat\u00f3rios de custos e tempos.<\/span>\n\t\t\t\t\t\t\t\t\t<\/li>\n\t\t\t\t\t\t<\/ul>\n\t\t\t\t<\/div>\n\t\t\t\t<\/div>\n\t\t\t\t\t\t<\/div>\n\t\t\t\t\t<\/div>\n\t\t<\/div>\n\t\t\t\t\t\t\t\t<\/div>\n\t\t\t\t\t<\/div>\n\t\t<\/section>\n\t\t\t\t\t\t<\/div>\n\t\t\t\t\t\t<\/div>\n\t\t\t\t\t<\/div>\n\t\t<\/div>\t\t\t<\/div>\n\t\t<\/div>\n\t\t\t\t<\/div>\n\t\t\t\t<\/div>\n\t\t\t\t\t\t<\/div>\n\t\t\t\t\t<\/div>\n\t\t<\/div>\n\t\t\t\t\t\t\t\t<\/div>\n\t\t\t\t\t<\/div>\n\t\t<\/section>\n\t\t\t\t<section class=\"elementor-section elementor-top-section elementor-element elementor-element-167db6b9 elementor-section-stretched elementor-section-boxed elementor-section-height-default elementor-section-height-default\" data-id=\"167db6b9\" data-element_type=\"section\" data-settings=\"{&quot;stretch_section&quot;:&quot;section-stretched&quot;}\">\n\t\t\t\t\t\t<div class=\"elementor-container elementor-column-gap-default\">\n\t\t\t\t\t\t\t<div class=\"elementor-row\">\n\t\t\t\t\t<div class=\"elementor-column elementor-col-100 elementor-top-column elementor-element elementor-element-bdcef16\" data-id=\"bdcef16\" data-element_type=\"column\">\n\t\t\t<div class=\"elementor-column-wrap\">\n\t\t\t\t\t\t\t<div class=\"elementor-widget-wrap\">\n\t\t\t\t\t\t\t\t<\/div>\n\t\t\t\t\t<\/div>\n\t\t<\/div>\n\t\t\t\t\t\t\t\t<\/div>\n\t\t\t\t\t<\/div>\n\t\t<\/section>\n\t\t\t\t\t\t<\/div>\n\t\t\t\t\t\t<\/div>\n\t\t\t\t\t<\/div>\n\t\t","protected":false},"excerpt":{"rendered":"<p>Gest\u00e3o de Oficina Home Esta aplica\u00e7\u00e3o est\u00e1 vocacionada para a gest\u00e3o de oficinas internas. Permite ter uma folha de obra, com registo de pe\u00e7as, consum\u00edveis e m\u00e3o-de-obra. Integra com a aplica\u00e7\u00e3o para gest\u00e3o de frota para receber alertas de inspe\u00e7\u00f5es e manuten\u00e7\u00e3o. Permite a emiss\u00e3o de requisi\u00e7\u00f5es ao exterior dentro da obra. Principais funcionalidades Teste [&hellip;]<\/p>\n","protected":false},"author":1,"featured_media":1254,"parent":1103,"menu_order":4,"comment_status":"closed","ping_status":"closed","template":"","meta":[],"yoast_head":"<!-- This site is optimized with the Yoast SEO plugin v15.1.1 - https:\/\/yoast.com\/wordpress\/plugins\/seo\/ -->\n<title>Gest\u00e3o de Oficina | Escrita Digital<\/title>\n<meta name=\"robots\" content=\"index, follow, max-snippet:-1, max-image-preview:large, max-video-preview:-1\" \/>\n<link rel=\"canonical\" href=\"https:\/\/www.escritadigital.com\/site\/xrp-frotas\/gestao-de-oficina\/\" \/>\n<meta property=\"og:locale\" content=\"pt_PT\" \/>\n<meta property=\"og:type\" content=\"article\" \/>\n<meta property=\"og:title\" content=\"Gest\u00e3o de Oficina | Escrita Digital\" \/>\n<meta property=\"og:description\" content=\"Gest\u00e3o de Oficina Home Esta aplica\u00e7\u00e3o est\u00e1 vocacionada para a gest\u00e3o de oficinas internas. Permite ter uma folha de obra, com registo de pe\u00e7as, consum\u00edveis e m\u00e3o-de-obra. Integra com a aplica\u00e7\u00e3o para gest\u00e3o de frota para receber alertas de inspe\u00e7\u00f5es e manuten\u00e7\u00e3o. Permite a emiss\u00e3o de requisi\u00e7\u00f5es ao exterior dentro da obra. Principais funcionalidades Teste [&hellip;]\" \/>\n<meta property=\"og:url\" content=\"https:\/\/www.escritadigital.com\/site\/xrp-frotas\/gestao-de-oficina\/\" \/>\n<meta property=\"og:site_name\" content=\"Escrita Digital\" \/>\n<meta property=\"article:modified_time\" content=\"2024-11-22T17:02:13+00:00\" \/>\n<meta property=\"og:image\" content=\"https:\/\/www.escritadigital.com\/Escrita\/wp-content\/uploads\/2020\/02\/gestao_oficina.jpg\" \/>\n\t<meta property=\"og:image:width\" content=\"1920\" \/>\n\t<meta property=\"og:image:height\" content=\"1280\" \/>\n<meta name=\"twitter:card\" content=\"summary_large_image\" \/>\n<script type=\"application\/ld+json\" class=\"yoast-schema-graph\">{\"@context\":\"https:\/\/schema.org\",\"@graph\":[{\"@type\":\"Organization\",\"@id\":\"https:\/\/www.escritadigital.com\/site\/#organization\",\"name\":\"Escrita Digital\",\"url\":\"https:\/\/www.escritadigital.com\/site\/\",\"sameAs\":[],\"logo\":{\"@type\":\"ImageObject\",\"@id\":\"https:\/\/www.escritadigital.com\/site\/#logo\",\"inLanguage\":\"pt-PT\",\"url\":\"https:\/\/www.escritadigital.com\/Escrita\/wp-content\/uploads\/2020\/01\/escrita_digital_logo.svg\",\"width\":200,\"height\":55,\"caption\":\"Escrita Digital\"},\"image\":{\"@id\":\"https:\/\/www.escritadigital.com\/site\/#logo\"}},{\"@type\":\"WebSite\",\"@id\":\"https:\/\/www.escritadigital.com\/site\/#website\",\"url\":\"https:\/\/www.escritadigital.com\/site\/\",\"name\":\"Escrita Digital\",\"description\":\"Aplica\\u00e7\\u00f5es de Gest\\u00e3o\",\"publisher\":{\"@id\":\"https:\/\/www.escritadigital.com\/site\/#organization\"},\"potentialAction\":[{\"@type\":\"SearchAction\",\"target\":\"https:\/\/www.escritadigital.com\/site\/?s={search_term_string}\",\"query-input\":\"required name=search_term_string\"}],\"inLanguage\":\"pt-PT\"},{\"@type\":\"ImageObject\",\"@id\":\"https:\/\/www.escritadigital.com\/site\/xrp-frotas\/gestao-de-oficina\/#primaryimage\",\"inLanguage\":\"pt-PT\",\"url\":\"https:\/\/www.escritadigital.com\/Escrita\/wp-content\/uploads\/2020\/02\/gestao_oficina.jpg\",\"width\":1920,\"height\":1280},{\"@type\":\"WebPage\",\"@id\":\"https:\/\/www.escritadigital.com\/site\/xrp-frotas\/gestao-de-oficina\/#webpage\",\"url\":\"https:\/\/www.escritadigital.com\/site\/xrp-frotas\/gestao-de-oficina\/\",\"name\":\"Gest\\u00e3o de Oficina | Escrita Digital\",\"isPartOf\":{\"@id\":\"https:\/\/www.escritadigital.com\/site\/#website\"},\"primaryImageOfPage\":{\"@id\":\"https:\/\/www.escritadigital.com\/site\/xrp-frotas\/gestao-de-oficina\/#primaryimage\"},\"datePublished\":\"2020-03-05T11:07:16+00:00\",\"dateModified\":\"2024-11-22T17:02:13+00:00\",\"breadcrumb\":{\"@id\":\"https:\/\/www.escritadigital.com\/site\/xrp-frotas\/gestao-de-oficina\/#breadcrumb\"},\"inLanguage\":\"pt-PT\",\"potentialAction\":[{\"@type\":\"ReadAction\",\"target\":[\"https:\/\/www.escritadigital.com\/site\/xrp-frotas\/gestao-de-oficina\/\"]}]},{\"@type\":\"BreadcrumbList\",\"@id\":\"https:\/\/www.escritadigital.com\/site\/xrp-frotas\/gestao-de-oficina\/#breadcrumb\",\"itemListElement\":[{\"@type\":\"ListItem\",\"position\":1,\"item\":{\"@type\":\"WebPage\",\"@id\":\"https:\/\/www.escritadigital.com\/site\/\",\"url\":\"https:\/\/www.escritadigital.com\/site\/\",\"name\":\"In\\u00edcio\"}},{\"@type\":\"ListItem\",\"position\":2,\"item\":{\"@type\":\"WebPage\",\"@id\":\"https:\/\/www.escritadigital.com\/site\/xrp-frotas\/\",\"url\":\"https:\/\/www.escritadigital.com\/site\/xrp-frotas\/\",\"name\":\"XRP Frotas\"}},{\"@type\":\"ListItem\",\"position\":3,\"item\":{\"@type\":\"WebPage\",\"@id\":\"https:\/\/www.escritadigital.com\/site\/xrp-frotas\/gestao-de-oficina\/\",\"url\":\"https:\/\/www.escritadigital.com\/site\/xrp-frotas\/gestao-de-oficina\/\",\"name\":\"Gest\\u00e3o de Oficina\"}}]}]}<\/script>\n<!-- \/ Yoast SEO plugin. -->","_links":{"self":[{"href":"https:\/\/www.escritadigital.com\/site\/wp-json\/wp\/v2\/pages\/1387"}],"collection":[{"href":"https:\/\/www.escritadigital.com\/site\/wp-json\/wp\/v2\/pages"}],"about":[{"href":"https:\/\/www.escritadigital.com\/site\/wp-json\/wp\/v2\/types\/page"}],"author":[{"embeddable":true,"href":"https:\/\/www.escritadigital.com\/site\/wp-json\/wp\/v2\/users\/1"}],"replies":[{"embeddable":true,"href":"https:\/\/www.escritadigital.com\/site\/wp-json\/wp\/v2\/comments?post=1387"}],"version-history":[{"count":7,"href":"https:\/\/www.escritadigital.com\/site\/wp-json\/wp\/v2\/pages\/1387\/revisions"}],"predecessor-version":[{"id":7689,"href":"https:\/\/www.escritadigital.com\/site\/wp-json\/wp\/v2\/pages\/1387\/revisions\/7689"}],"up":[{"embeddable":true,"href":"https:\/\/www.escritadigital.com\/site\/wp-json\/wp\/v2\/pages\/1103"}],"wp:featuredmedia":[{"embeddable":true,"href":"https:\/\/www.escritadigital.com\/site\/wp-json\/wp\/v2\/media\/1254"}],"wp:attachment":[{"href":"https:\/\/www.escritadigital.com\/site\/wp-json\/wp\/v2\/media?parent=1387"}],"curies":[{"name":"wp","href":"https:\/\/api.w.org\/{rel}","templated":true}]}}